{"id":12953,"date":"2025-10-13T15:09:38","date_gmt":"2025-10-13T15:09:38","guid":{"rendered":"http:\/\/erde-und-himmel.com\/?page_id=12953"},"modified":"2026-03-31T14:44:59","modified_gmt":"2026-03-31T14:44:59","slug":"haftungsausschluss","status":"publish","type":"page","link":"https:\/\/erde-und-himmel.com\/de\/haftungsausschluss\/","title":{"rendered":"Haftungsausschluss"},"content":{"rendered":"<div data-elementor-type=\"wp-page\" data-elementor-id=\"12953\" class=\"elementor elementor-12953\" data-elementor-post-type=\"page\">\n\t\t\t\t<div class=\"elementor-element elementor-element-ee5d783 e-flex e-con-boxed e-con e-parent\" data-id=\"ee5d783\" data-element_type=\"container\">\n\t\t\t\t\t<div class=\"e-con-inner\">\n\t\t\t\t<div class=\"elementor-element elementor-element-d66886a elementor-widget elementor-widget-text-editor\" data-id=\"d66886a\" data-element_type=\"widget\" data-widget_type=\"text-editor.default\">\n\t\t\t\t<div class=\"elementor-widget-container\">\n\t\t\t<style>\/*! elementor - v3.21.0 - 08-05-2024 *\/\n.elementor-widget-text-editor.elementor-drop-cap-view-stacked .elementor-drop-cap{background-color:#69727d;color:#fff}.elementor-widget-text-editor.elementor-drop-cap-view-framed .elementor-drop-cap{color:#69727d;border:3px solid;background-color:transparent}.elementor-widget-text-editor:not(.elementor-drop-cap-view-default) .elementor-drop-cap{margin-top:8px}.elementor-widget-text-editor:not(.elementor-drop-cap-view-default) .elementor-drop-cap-letter{width:1em;height:1em}.elementor-widget-text-editor .elementor-drop-cap{float:left;text-align:center;line-height:1;font-size:50px}.elementor-widget-text-editor .elementor-drop-cap-letter{display:inline-block}<\/style>\t\t\t\t<div><h1><span data-huuid=\"14954049023643952444\">Haftungsausschluss &amp; R\u00fcckerstattung<\/span><\/h1><\/div>\t\t\t\t\t\t<\/div>\n\t\t\t\t<\/div>\n\t\t\t\t\t<\/div>\n\t\t\t\t<\/div>\n\t\t<div class=\"elementor-element elementor-element-35af24a e-flex e-con-boxed e-con e-parent\" data-id=\"35af24a\" data-element_type=\"container\">\n\t\t\t\t\t<div class=\"e-con-inner\">\n\t\t\t\t<div class=\"elementor-element elementor-element-af66093 elementor-widget elementor-widget-text-editor\" data-id=\"af66093\" data-element_type=\"widget\" data-widget_type=\"text-editor.default\">\n\t\t\t\t<div class=\"elementor-widget-container\">\n\t\t\t\t\t\t\t<p><strong>Haftungsausschluss f\u00fcr die Kundalini-Aktivierung<\/strong><\/p><p>Mit der Buchung und Teilnahme an der Kundalini-Aktivierung (K.A.) best\u00e4tigst du, dass du die folgenden Informationen gelesen und verstanden hast:<\/p><ol><li>Ablauf der Sitzung<br \/>Die K.A. ist eine energetische \u00dcbertragung, die in Savasana-Position bei geschlossenen Augen empfangen wird. Dabei k\u00f6nnen k\u00f6rperliche Empfindungen (z.B. Hitze, K\u00e4lte, Kribbeln), emotionale Reaktionen (z.B. Lachen, Weinen) und Visionen auftreten.<\/li><li>Keine medizinische Leistung<br \/>Die K.A. ersetzt keine medizinische oder psychologische Behandlung und ist nicht f\u00fcr Menschen geeignet, die Medikamente gegen psychische Erkrankungen einnehmen oder unter Herzproblemen, Psychosen, Epilepsie, Manie, Wahnvorstellungen oder \u00e4hnlichen gesundheitlichen Einschr\u00e4nkungen leiden. Schwangere Teilnehmerinnen, die sich im letzten Trimester befinden, k\u00f6nnen ebenfalls nicht an der K.A. Teilnehmen. Falls gesundheitliche Risiken bestehen, informiere bitte vorab die Moderatorin.<\/li><li>Selbstverantwortung<br \/>Die Teilnahme erfolgt eigenverantwortlich. Bei Beschwerden oder Schmerzen w\u00e4hrend der Sitzung wird empfohlen, die Teilnahme zu unterbrechen und Unterst\u00fctzung anzufordern. Nach der K.A. kann es zu vor\u00fcbergehenden Nebenwirkungen wie M\u00fcdigkeit oder Energiesch\u00fcben kommen.<\/li><\/ol><p>Mit deiner Buchung und Teilnahme best\u00e4tigst du, dass du die Verantwortung f\u00fcr deine k\u00f6rperliche und geistige Gesundheit tr\u00e4gst und die Bedingungen dieses Haftungsausschlusses akzeptierst.<\/p><p><strong>Haftungsausschluss f\u00fcr Veranstaltungen und Angebote von Erde und Himmel<\/strong><\/p><p>Mit der Buchung und Teilnahme an einer Veranstaltung, einem Mentoring oder einem anderen Angebot von &#8220;Erde und Himmel&#8221; best\u00e4tigst du, dass du die folgenden Informationen gelesen und verstanden hast:<\/p><ol><li>Art der Dienstleistung<br \/>Die angebotenen Veranstaltungen und Mentorings dienen der pers\u00f6nlichen Weiterentwicklung und dem energetischen Wohlbefinden. Sie ersetzen keine medizinische, psychiatrische oder psychologische Behandlung.<\/li><li>Geeignetheit der Teilnahme<br \/>Die Teilnahme an den Veranstaltungen und Angeboten erfolgt eigenverantwortlich. Falls du an gesundheitlichen Einschr\u00e4nkungen leidest oder Medikamente f\u00fcr physische oder psychische Erkrankungen einnimmst, liegt es in deiner Verantwortung, die Eignung der Teilnahme mit einem Arzt oder einer anderen Fachperson abzukl\u00e4ren und uns gegebenenfalls vorab \u00fcber relevante gesundheitliche Einschr\u00e4nkungen zu informieren.<\/li><li>Selbstverantwortung und Haftungsausschluss<br \/>Die Teilnahme erfolgt auf eigenes Risiko. &#8220;Erde und Himmel&#8221; \u00fcbernimmt keine Haftung f\u00fcr m\u00f6gliche gesundheitliche oder psychische Auswirkungen, die sich aus der Teilnahme an den Veranstaltungen ergeben. Bei Beschwerden oder Unwohlsein w\u00e4hrend einer Veranstaltung wird empfohlen, die Teilnahme zu unterbrechen und Unterst\u00fctzung anzufordern.<\/li><li>Verantwortung f\u00fcr das eigene Wohlbefinden<br \/>Du tr\u00e4gst die Verantwortung f\u00fcr deinen eigenen Gesundheitszustand und dein geistiges Wohlbefinden w\u00e4hrend und nach der Teilnahme an Veranstaltungen oder Mentorings. Nach energetischen Sitzungen oder intensiven Workshops kann es zu vor\u00fcbergehenden Ver\u00e4nderungen des Wohlbefindens kommen.<\/li><\/ol><p>Mit deiner Buchung und Teilnahme best\u00e4tigst du, dass du die Bedingungen dieses Haftungsausschlusses gelesen und verstanden hast und f\u00fcr deine eigene Gesundheit und dein Wohlbefinden verantwortlich bist.<\/p><p><strong>R\u00fcckerstattungsrichtlinien<\/strong><\/p><p>Bei Stornierung bis 48 Stunden vor dem Event erh\u00e4ltst du den vollen Betrag zur\u00fcck. Danach ist keine R\u00fcckerstattung m\u00f6glich \u2013 dein Platz kann jedoch an eine andere Frau \u00fcbertragen werden. Bitte beachte, dass ggf. durch Zahlungsanbieter erhobene Geb\u00fchren grunds\u00e4tzlich nicht erstattet werden k\u00f6nnen.<\/p>\t\t\t\t\t\t<\/div>\n\t\t\t\t<\/div>\n\t\t\t\t\t<\/div>\n\t\t\t\t<\/div>\n\t\t\t\t<\/div>","protected":false},"excerpt":{"rendered":"<p>Haftungsausschluss &amp; R\u00fcckerstattung Haftungsausschluss f\u00fcr die Kundalini-Aktivierung Mit der Buchung und Teilnahme an der Kundalini-Aktivierung (K.A.) best\u00e4tigst du, dass du die folgenden Informationen gelesen&#8230;<\/p>","protected":false},"author":1,"featured_media":0,"parent":0,"menu_order":0,"comment_status":"closed","ping_status":"closed","template":"elementor_header_footer","meta":{"_acf_changed":false,"footnotes":""},"class_list":["post-12953","page","type-page","status-publish","hentry"],"acf":[],"yoast_head":"<!-- This site is optimized with the Yoast SEO plugin v26.2 - https:\/\/yoast.com\/wordpress\/plugins\/seo\/ -->\n<title>Haftungsausschluss - Erde und Himmel - Laura Auer<\/title>\n<meta name=\"robots\" content=\"index, follow, max-snippet:-1, max-image-preview:large, max-video-preview:-1\" \/>\n<link rel=\"canonical\" href=\"https:\/\/erde-und-himmel.com\/de\/haftungsausschluss\/\" \/>\n<meta property=\"og:locale\" content=\"de_DE\" \/>\n<meta property=\"og:type\" content=\"article\" \/>\n<meta property=\"og:title\" content=\"Haftungsausschluss - Erde und Himmel - Laura Auer\" \/>\n<meta property=\"og:description\" content=\"Haftungsausschluss &amp; R\u00fcckerstattung Haftungsausschluss f\u00fcr die Kundalini-Aktivierung Mit der Buchung und Teilnahme an der Kundalini-Aktivierung (K.A.) best\u00e4tigst du, dass du die folgenden Informationen gelesen...\" \/>\n<meta property=\"og:url\" content=\"https:\/\/erde-und-himmel.com\/de\/haftungsausschluss\/\" \/>\n<meta property=\"og:site_name\" content=\"Erde und Himmel - Laura Auer\" \/>\n<meta property=\"article:modified_time\" content=\"2026-03-31T14:44:59+00:00\" \/>\n<meta name=\"twitter:card\" content=\"summary_large_image\" \/>\n<meta name=\"twitter:label1\" content=\"Gesch\u00e4tzte Lesezeit\" \/>\n\t<meta name=\"twitter:data1\" content=\"3 Minuten\" \/>\n<script type=\"application\/ld+json\" class=\"yoast-schema-graph\">{\"@context\":\"https:\/\/schema.org\",\"@graph\":[{\"@type\":\"WebPage\",\"@id\":\"https:\/\/erde-und-himmel.com\/haftungsausschluss\/\",\"url\":\"https:\/\/erde-und-himmel.com\/haftungsausschluss\/\",\"name\":\"Haftungsausschluss - Erde und Himmel - Laura Auer\",\"isPartOf\":{\"@id\":\"https:\/\/erde-und-himmel.com\/#website\"},\"datePublished\":\"2025-10-13T15:09:38+00:00\",\"dateModified\":\"2026-03-31T14:44:59+00:00\",\"breadcrumb\":{\"@id\":\"https:\/\/erde-und-himmel.com\/haftungsausschluss\/#breadcrumb\"},\"inLanguage\":\"de-AT\",\"potentialAction\":[{\"@type\":\"ReadAction\",\"target\":[\"https:\/\/erde-und-himmel.com\/haftungsausschluss\/\"]}]},{\"@type\":\"BreadcrumbList\",\"@id\":\"https:\/\/erde-und-himmel.com\/haftungsausschluss\/#breadcrumb\",\"itemListElement\":[{\"@type\":\"ListItem\",\"position\":1,\"name\":\"Home\",\"item\":\"https:\/\/erde-und-himmel.com\/\"},{\"@type\":\"ListItem\",\"position\":2,\"name\":\"Haftungsausschluss\"}]},{\"@type\":\"WebSite\",\"@id\":\"https:\/\/erde-und-himmel.com\/#website\",\"url\":\"https:\/\/erde-und-himmel.com\/\",\"name\":\"Erde und Himmel - Laura Auer\",\"description\":\"\",\"publisher\":{\"@id\":\"https:\/\/erde-und-himmel.com\/#organization\"},\"potentialAction\":[{\"@type\":\"SearchAction\",\"target\":{\"@type\":\"EntryPoint\",\"urlTemplate\":\"https:\/\/erde-und-himmel.com\/?s={search_term_string}\"},\"query-input\":{\"@type\":\"PropertyValueSpecification\",\"valueRequired\":true,\"valueName\":\"search_term_string\"}}],\"inLanguage\":\"de-AT\"},{\"@type\":\"Organization\",\"@id\":\"https:\/\/erde-und-himmel.com\/#organization\",\"name\":\"Erde und Himmel - Laura Auer\",\"url\":\"https:\/\/erde-und-himmel.com\/\",\"logo\":{\"@type\":\"ImageObject\",\"inLanguage\":\"de-AT\",\"@id\":\"https:\/\/erde-und-himmel.com\/#\/schema\/logo\/image\/\",\"url\":\"https:\/\/erde-und-himmel.com\/wp-content\/uploads\/2025\/10\/cropped-Untitled-design.png\",\"contentUrl\":\"https:\/\/erde-und-himmel.com\/wp-content\/uploads\/2025\/10\/cropped-Untitled-design.png\",\"width\":512,\"height\":512,\"caption\":\"Erde und Himmel - Laura Auer\"},\"image\":{\"@id\":\"https:\/\/erde-und-himmel.com\/#\/schema\/logo\/image\/\"},\"sameAs\":[\"https:\/\/www.instagram.com\/erde_und_himmel\/\"]}]}<\/script>\n<!-- \/ Yoast SEO plugin. -->","yoast_head_json":{"title":"Haftungsausschluss - Erde und Himmel - Laura Auer","robots":{"index":"index","follow":"follow","max-snippet":"max-snippet:-1","max-image-preview":"max-image-preview:large","max-video-preview":"max-video-preview:-1"},"canonical":"https:\/\/erde-und-himmel.com\/de\/haftungsausschluss\/","og_locale":"de_DE","og_type":"article","og_title":"Haftungsausschluss - Erde und Himmel - Laura Auer","og_description":"Haftungsausschluss &amp; R\u00fcckerstattung Haftungsausschluss f\u00fcr die Kundalini-Aktivierung Mit der Buchung und Teilnahme an der Kundalini-Aktivierung (K.A.) best\u00e4tigst du, dass du die folgenden Informationen gelesen...","og_url":"https:\/\/erde-und-himmel.com\/de\/haftungsausschluss\/","og_site_name":"Erde und Himmel - Laura Auer","article_modified_time":"2026-03-31T14:44:59+00:00","twitter_card":"summary_large_image","twitter_misc":{"Gesch\u00e4tzte Lesezeit":"3 Minuten"},"schema":{"@context":"https:\/\/schema.org","@graph":[{"@type":"WebPage","@id":"https:\/\/erde-und-himmel.com\/haftungsausschluss\/","url":"https:\/\/erde-und-himmel.com\/haftungsausschluss\/","name":"Haftungsausschluss - Erde und Himmel - Laura Auer","isPartOf":{"@id":"https:\/\/erde-und-himmel.com\/#website"},"datePublished":"2025-10-13T15:09:38+00:00","dateModified":"2026-03-31T14:44:59+00:00","breadcrumb":{"@id":"https:\/\/erde-und-himmel.com\/haftungsausschluss\/#breadcrumb"},"inLanguage":"de-AT","potentialAction":[{"@type":"ReadAction","target":["https:\/\/erde-und-himmel.com\/haftungsausschluss\/"]}]},{"@type":"BreadcrumbList","@id":"https:\/\/erde-und-himmel.com\/haftungsausschluss\/#breadcrumb","itemListElement":[{"@type":"ListItem","position":1,"name":"Home","item":"https:\/\/erde-und-himmel.com\/"},{"@type":"ListItem","position":2,"name":"Haftungsausschluss"}]},{"@type":"WebSite","@id":"https:\/\/erde-und-himmel.com\/#website","url":"https:\/\/erde-und-himmel.com\/","name":"Erde und Himmel - Laura Auer","description":"","publisher":{"@id":"https:\/\/erde-und-himmel.com\/#organization"},"potentialAction":[{"@type":"SearchAction","target":{"@type":"EntryPoint","urlTemplate":"https:\/\/erde-und-himmel.com\/?s={search_term_string}"},"query-input":{"@type":"PropertyValueSpecification","valueRequired":true,"valueName":"search_term_string"}}],"inLanguage":"de-AT"},{"@type":"Organization","@id":"https:\/\/erde-und-himmel.com\/#organization","name":"Erde und Himmel - Laura Auer","url":"https:\/\/erde-und-himmel.com\/","logo":{"@type":"ImageObject","inLanguage":"de-AT","@id":"https:\/\/erde-und-himmel.com\/#\/schema\/logo\/image\/","url":"https:\/\/erde-und-himmel.com\/wp-content\/uploads\/2025\/10\/cropped-Untitled-design.png","contentUrl":"https:\/\/erde-und-himmel.com\/wp-content\/uploads\/2025\/10\/cropped-Untitled-design.png","width":512,"height":512,"caption":"Erde und Himmel - Laura Auer"},"image":{"@id":"https:\/\/erde-und-himmel.com\/#\/schema\/logo\/image\/"},"sameAs":["https:\/\/www.instagram.com\/erde_und_himmel\/"]}]}},"_links":{"self":[{"href":"https:\/\/erde-und-himmel.com\/de\/wp-json\/wp\/v2\/pages\/12953","targetHints":{"allow":["GET"]}}],"collection":[{"href":"https:\/\/erde-und-himmel.com\/de\/wp-json\/wp\/v2\/pages"}],"about":[{"href":"https:\/\/erde-und-himmel.com\/de\/wp-json\/wp\/v2\/types\/page"}],"author":[{"embeddable":true,"href":"https:\/\/erde-und-himmel.com\/de\/wp-json\/wp\/v2\/users\/1"}],"replies":[{"embeddable":true,"href":"https:\/\/erde-und-himmel.com\/de\/wp-json\/wp\/v2\/comments?post=12953"}],"version-history":[{"count":16,"href":"https:\/\/erde-und-himmel.com\/de\/wp-json\/wp\/v2\/pages\/12953\/revisions"}],"predecessor-version":[{"id":13724,"href":"https:\/\/erde-und-himmel.com\/de\/wp-json\/wp\/v2\/pages\/12953\/revisions\/13724"}],"wp:attachment":[{"href":"https:\/\/erde-und-himmel.com\/de\/wp-json\/wp\/v2\/media?parent=12953"}],"curies":[{"name":"wp","href":"https:\/\/api.w.org\/{rel}","templated":true}]}}