{"id":4445,"date":"2025-01-22T14:09:49","date_gmt":"2025-01-22T14:09:49","guid":{"rendered":"http:\/\/erde-und-himmel.com\/?page_id=4445"},"modified":"2025-01-22T14:46:32","modified_gmt":"2025-01-22T14:46:32","slug":"impressum","status":"publish","type":"page","link":"https:\/\/erde-und-himmel.com\/de\/impressum\/","title":{"rendered":"Impressum"},"content":{"rendered":"<p>Laura Auer<br>Erde und Himmel &#8211; Laura Auer<br>Vennhauser Allee 274<br>40627 D\u00fcsseldorf<br>Deutschland<\/p><p>&nbsp;Tel.: 017624113064<br>&nbsp;E-Mail:&nbsp;<a target=\"_blank\" href=\"mailto:hello@erde-und-himmel.com\" rel=\"noreferrer noopener\">hello@erde-und-himmel.com<\/a><\/p><p>&nbsp;Umsatzsteuerbefreit (Kleinunternehmerregelung)<\/p><p>&nbsp;Verantwortliche\/r i.S.d. \u00a7 18 Abs. 2 MStV:<br>&nbsp;Laura Auer<\/p><p>&nbsp;Zust\u00e4ndige Aufsichtsbeh\u00f6rde f\u00fcr das Angebot audiovisueller Mediendienste:<br>&nbsp;Landesanstalt f\u00fcr Medien NRW, Zollhof 2, 40221 D\u00fcsseldorf, Deutschland<\/p><p>&nbsp;Plattform der EU-Kommission zur Online-Streitbeilegung:&nbsp;<a target=\"_blank\" href=\"https:\/\/ec.europa.eu\/odr\" rel=\"noreferrer noopener\">https:\/\/ec.europa.eu\/odr<\/a><\/p><p>&nbsp;Wir sind zur Teilnahme an einem Streitbeilegungsverfahren vor einer Verbraucherschlichtungsstelle weder verpflichtet noch bereit.<\/p>","protected":false},"excerpt":{"rendered":"<p>Laura AuerErde und Himmel &#8211; Laura AuerVennhauser Allee 27440627 D\u00fcsseldorfDeutschland &nbsp;Tel.: 017624113064&nbsp;E-Mail:&nbsp;hello@erde-und-himmel.com &nbsp;Umsatzsteuerbefreit (Kleinunternehmerregelung) &nbsp;Verantwortliche\/r i.S.d. \u00a7 18 Abs. 2 MStV:&nbsp;Laura Auer &nbsp;Zust\u00e4ndige Aufsichtsbeh\u00f6rde&#8230;<\/p>","protected":false},"author":1,"featured_media":0,"parent":0,"menu_order":0,"comment_status":"closed","ping_status":"closed","template":"","meta":{"_acf_changed":false,"footnotes":""},"class_list":["post-4445","page","type-page","status-publish","hentry"],"acf":[],"yoast_head":"<!-- This site is optimized with the Yoast SEO plugin v26.2 - https:\/\/yoast.com\/wordpress\/plugins\/seo\/ -->\n<title>Impressum - Erde und Himmel - Laura Auer<\/title>\n<meta name=\"robots\" content=\"index, follow, max-snippet:-1, max-image-preview:large, max-video-preview:-1\" \/>\n<link rel=\"canonical\" href=\"https:\/\/erde-und-himmel.com\/de\/impressum\/\" \/>\n<meta property=\"og:locale\" content=\"de_DE\" \/>\n<meta property=\"og:type\" content=\"article\" \/>\n<meta property=\"og:title\" content=\"Impressum - Erde und Himmel - Laura Auer\" \/>\n<meta property=\"og:description\" content=\"Laura AuerErde und Himmel &#8211; Laura AuerVennhauser Allee 27440627 D\u00fcsseldorfDeutschland &nbsp;Tel.: 017624113064&nbsp;E-Mail:&nbsp;hello@erde-und-himmel.com &nbsp;Umsatzsteuerbefreit (Kleinunternehmerregelung) &nbsp;Verantwortliche\/r i.S.d. \u00a7 18 Abs. 2 MStV:&nbsp;Laura Auer &nbsp;Zust\u00e4ndige Aufsichtsbeh\u00f6rde...\" \/>\n<meta property=\"og:url\" content=\"https:\/\/erde-und-himmel.com\/de\/impressum\/\" \/>\n<meta property=\"og:site_name\" content=\"Erde und Himmel - Laura Auer\" \/>\n<meta property=\"article:modified_time\" content=\"2025-01-22T14:46:32+00:00\" \/>\n<meta name=\"twitter:card\" content=\"summary_large_image\" \/>\n<script type=\"application\/ld+json\" class=\"yoast-schema-graph\">{\"@context\":\"https:\/\/schema.org\",\"@graph\":[{\"@type\":\"WebPage\",\"@id\":\"https:\/\/erde-und-himmel.com\/impressum\/\",\"url\":\"https:\/\/erde-und-himmel.com\/impressum\/\",\"name\":\"Impressum - Erde und Himmel - Laura Auer\",\"isPartOf\":{\"@id\":\"https:\/\/erde-und-himmel.com\/#website\"},\"datePublished\":\"2025-01-22T14:09:49+00:00\",\"dateModified\":\"2025-01-22T14:46:32+00:00\",\"breadcrumb\":{\"@id\":\"https:\/\/erde-und-himmel.com\/impressum\/#breadcrumb\"},\"inLanguage\":\"de-AT\",\"potentialAction\":[{\"@type\":\"ReadAction\",\"target\":[\"https:\/\/erde-und-himmel.com\/impressum\/\"]}]},{\"@type\":\"BreadcrumbList\",\"@id\":\"https:\/\/erde-und-himmel.com\/impressum\/#breadcrumb\",\"itemListElement\":[{\"@type\":\"ListItem\",\"position\":1,\"name\":\"Home\",\"item\":\"https:\/\/erde-und-himmel.com\/\"},{\"@type\":\"ListItem\",\"position\":2,\"name\":\"Impressum\"}]},{\"@type\":\"WebSite\",\"@id\":\"https:\/\/erde-und-himmel.com\/#website\",\"url\":\"https:\/\/erde-und-himmel.com\/\",\"name\":\"Erde und Himmel - Laura Auer\",\"description\":\"\",\"publisher\":{\"@id\":\"https:\/\/erde-und-himmel.com\/#organization\"},\"potentialAction\":[{\"@type\":\"SearchAction\",\"target\":{\"@type\":\"EntryPoint\",\"urlTemplate\":\"https:\/\/erde-und-himmel.com\/?s={search_term_string}\"},\"query-input\":{\"@type\":\"PropertyValueSpecification\",\"valueRequired\":true,\"valueName\":\"search_term_string\"}}],\"inLanguage\":\"de-AT\"},{\"@type\":\"Organization\",\"@id\":\"https:\/\/erde-und-himmel.com\/#organization\",\"name\":\"Erde und Himmel - Laura Auer\",\"url\":\"https:\/\/erde-und-himmel.com\/\",\"logo\":{\"@type\":\"ImageObject\",\"inLanguage\":\"de-AT\",\"@id\":\"https:\/\/erde-und-himmel.com\/#\/schema\/logo\/image\/\",\"url\":\"https:\/\/erde-und-himmel.com\/wp-content\/uploads\/2025\/10\/cropped-Untitled-design.png\",\"contentUrl\":\"https:\/\/erde-und-himmel.com\/wp-content\/uploads\/2025\/10\/cropped-Untitled-design.png\",\"width\":512,\"height\":512,\"caption\":\"Erde und Himmel - Laura Auer\"},\"image\":{\"@id\":\"https:\/\/erde-und-himmel.com\/#\/schema\/logo\/image\/\"},\"sameAs\":[\"https:\/\/www.instagram.com\/erde_und_himmel\/\"]}]}<\/script>\n<!-- \/ Yoast SEO plugin. -->","yoast_head_json":{"title":"Impressum - Erde und Himmel - Laura Auer","robots":{"index":"index","follow":"follow","max-snippet":"max-snippet:-1","max-image-preview":"max-image-preview:large","max-video-preview":"max-video-preview:-1"},"canonical":"https:\/\/erde-und-himmel.com\/de\/impressum\/","og_locale":"de_DE","og_type":"article","og_title":"Impressum - Erde und Himmel - Laura Auer","og_description":"Laura AuerErde und Himmel &#8211; Laura AuerVennhauser Allee 27440627 D\u00fcsseldorfDeutschland &nbsp;Tel.: 017624113064&nbsp;E-Mail:&nbsp;hello@erde-und-himmel.com &nbsp;Umsatzsteuerbefreit (Kleinunternehmerregelung) &nbsp;Verantwortliche\/r i.S.d. \u00a7 18 Abs. 2 MStV:&nbsp;Laura Auer &nbsp;Zust\u00e4ndige Aufsichtsbeh\u00f6rde...","og_url":"https:\/\/erde-und-himmel.com\/de\/impressum\/","og_site_name":"Erde und Himmel - Laura Auer","article_modified_time":"2025-01-22T14:46:32+00:00","twitter_card":"summary_large_image","schema":{"@context":"https:\/\/schema.org","@graph":[{"@type":"WebPage","@id":"https:\/\/erde-und-himmel.com\/impressum\/","url":"https:\/\/erde-und-himmel.com\/impressum\/","name":"Impressum - Erde und Himmel - Laura Auer","isPartOf":{"@id":"https:\/\/erde-und-himmel.com\/#website"},"datePublished":"2025-01-22T14:09:49+00:00","dateModified":"2025-01-22T14:46:32+00:00","breadcrumb":{"@id":"https:\/\/erde-und-himmel.com\/impressum\/#breadcrumb"},"inLanguage":"de-AT","potentialAction":[{"@type":"ReadAction","target":["https:\/\/erde-und-himmel.com\/impressum\/"]}]},{"@type":"BreadcrumbList","@id":"https:\/\/erde-und-himmel.com\/impressum\/#breadcrumb","itemListElement":[{"@type":"ListItem","position":1,"name":"Home","item":"https:\/\/erde-und-himmel.com\/"},{"@type":"ListItem","position":2,"name":"Impressum"}]},{"@type":"WebSite","@id":"https:\/\/erde-und-himmel.com\/#website","url":"https:\/\/erde-und-himmel.com\/","name":"Erde und Himmel - Laura Auer","description":"","publisher":{"@id":"https:\/\/erde-und-himmel.com\/#organization"},"potentialAction":[{"@type":"SearchAction","target":{"@type":"EntryPoint","urlTemplate":"https:\/\/erde-und-himmel.com\/?s={search_term_string}"},"query-input":{"@type":"PropertyValueSpecification","valueRequired":true,"valueName":"search_term_string"}}],"inLanguage":"de-AT"},{"@type":"Organization","@id":"https:\/\/erde-und-himmel.com\/#organization","name":"Erde und Himmel - Laura Auer","url":"https:\/\/erde-und-himmel.com\/","logo":{"@type":"ImageObject","inLanguage":"de-AT","@id":"https:\/\/erde-und-himmel.com\/#\/schema\/logo\/image\/","url":"https:\/\/erde-und-himmel.com\/wp-content\/uploads\/2025\/10\/cropped-Untitled-design.png","contentUrl":"https:\/\/erde-und-himmel.com\/wp-content\/uploads\/2025\/10\/cropped-Untitled-design.png","width":512,"height":512,"caption":"Erde und Himmel - Laura Auer"},"image":{"@id":"https:\/\/erde-und-himmel.com\/#\/schema\/logo\/image\/"},"sameAs":["https:\/\/www.instagram.com\/erde_und_himmel\/"]}]}},"_links":{"self":[{"href":"https:\/\/erde-und-himmel.com\/de\/wp-json\/wp\/v2\/pages\/4445","targetHints":{"allow":["GET"]}}],"collection":[{"href":"https:\/\/erde-und-himmel.com\/de\/wp-json\/wp\/v2\/pages"}],"about":[{"href":"https:\/\/erde-und-himmel.com\/de\/wp-json\/wp\/v2\/types\/page"}],"author":[{"embeddable":true,"href":"https:\/\/erde-und-himmel.com\/de\/wp-json\/wp\/v2\/users\/1"}],"replies":[{"embeddable":true,"href":"https:\/\/erde-und-himmel.com\/de\/wp-json\/wp\/v2\/comments?post=4445"}],"version-history":[{"count":0,"href":"https:\/\/erde-und-himmel.com\/de\/wp-json\/wp\/v2\/pages\/4445\/revisions"}],"wp:attachment":[{"href":"https:\/\/erde-und-himmel.com\/de\/wp-json\/wp\/v2\/media?parent=4445"}],"curies":[{"name":"wp","href":"https:\/\/api.w.org\/{rel}","templated":true}]}}