{"id":5743,"date":"2025-04-03T09:07:18","date_gmt":"2025-04-03T09:07:18","guid":{"rendered":"http:\/\/erde-und-himmel.com\/?page_id=5743"},"modified":"2026-02-11T17:23:40","modified_gmt":"2026-02-11T17:23:40","slug":"kontakt-akut-support","status":"publish","type":"page","link":"https:\/\/erde-und-himmel.com\/de\/kontakt-akut-support\/","title":{"rendered":"Akut\u274aSupport"},"content":{"rendered":"<div data-elementor-type=\"wp-page\" data-elementor-id=\"5743\" class=\"elementor elementor-5743\" data-elementor-post-type=\"page\">\n\t\t\t\t<div class=\"elementor-element elementor-element-b8225bb e-flex e-con-boxed e-con e-parent\" data-id=\"b8225bb\" data-element_type=\"container\" data-settings=\"{&quot;background_background&quot;:&quot;classic&quot;}\">\n\t\t\t\t\t<div class=\"e-con-inner\">\n\t\t<div class=\"elementor-element elementor-element-d2799c6 e-flex e-con-boxed e-con e-child\" data-id=\"d2799c6\" data-element_type=\"container\">\n\t\t\t\t\t<div class=\"e-con-inner\">\n\t\t\t\t<div class=\"elementor-element elementor-element-87a20bd elementor-widget elementor-widget-text-editor\" data-id=\"87a20bd\" data-element_type=\"widget\" data-widget_type=\"text-editor.default\">\n\t\t\t\t<div class=\"elementor-widget-container\">\n\t\t\t<style>\/*! elementor - v3.21.0 - 08-05-2024 *\/\n.elementor-widget-text-editor.elementor-drop-cap-view-stacked .elementor-drop-cap{background-color:#69727d;color:#fff}.elementor-widget-text-editor.elementor-drop-cap-view-framed .elementor-drop-cap{color:#69727d;border:3px solid;background-color:transparent}.elementor-widget-text-editor:not(.elementor-drop-cap-view-default) .elementor-drop-cap{margin-top:8px}.elementor-widget-text-editor:not(.elementor-drop-cap-view-default) .elementor-drop-cap-letter{width:1em;height:1em}.elementor-widget-text-editor .elementor-drop-cap{float:left;text-align:center;line-height:1;font-size:50px}.elementor-widget-text-editor .elementor-drop-cap-letter{display:inline-block}<\/style>\t\t\t\t<p><strong>Akut<\/strong>\u274aSupport<\/p>\t\t\t\t\t\t<\/div>\n\t\t\t\t<\/div>\n\t\t\t\t<div class=\"elementor-element elementor-element-c334e54 elementor-widget__width-initial elementor-widget elementor-widget-text-editor\" data-id=\"c334e54\" data-element_type=\"widget\" data-widget_type=\"text-editor.default\">\n\t\t\t\t<div class=\"elementor-widget-container\">\n\t\t\t\t\t\t\t<p>Schnelle, klare und wirkungsvolle Unterst\u00fctzung f\u00fcr dich in intensiven \u00dcbergangsphasen<\/p>\t\t\t\t\t\t<\/div>\n\t\t\t\t<\/div>\n\t\t\t\t<div class=\"elementor-element elementor-element-fb4254b elementor-widget-divider--view-line elementor-widget elementor-widget-divider\" data-id=\"fb4254b\" data-element_type=\"widget\" data-widget_type=\"divider.default\">\n\t\t\t\t<div class=\"elementor-widget-container\">\n\t\t\t<style>\/*! elementor - v3.21.0 - 08-05-2024 *\/\n.elementor-widget-divider{--divider-border-style:none;--divider-border-width:1px;--divider-color:#0c0d0e;--divider-icon-size:20px;--divider-element-spacing:10px;--divider-pattern-height:24px;--divider-pattern-size:20px;--divider-pattern-url:none;--divider-pattern-repeat:repeat-x}.elementor-widget-divider .elementor-divider{display:flex}.elementor-widget-divider .elementor-divider__text{font-size:15px;line-height:1;max-width:95%}.elementor-widget-divider .elementor-divider__element{margin:0 var(--divider-element-spacing);flex-shrink:0}.elementor-widget-divider .elementor-icon{font-size:var(--divider-icon-size)}.elementor-widget-divider .elementor-divider-separator{display:flex;margin:0;direction:ltr}.elementor-widget-divider--view-line_icon .elementor-divider-separator,.elementor-widget-divider--view-line_text .elementor-divider-separator{align-items:center}.elementor-widget-divider--view-line_icon .elementor-divider-separator:after,.elementor-widget-divider--view-line_icon .elementor-divider-separator:before,.elementor-widget-divider--view-line_text .elementor-divider-separator:after,.elementor-widget-divider--view-line_text .elementor-divider-separator:before{display:block;content:\"\";border-block-end:0;flex-grow:1;border-block-start:var(--divider-border-width) var(--divider-border-style) var(--divider-color)}.elementor-widget-divider--element-align-left .elementor-divider .elementor-divider-separator>.elementor-divider__svg:first-of-type{flex-grow:0;flex-shrink:100}.elementor-widget-divider--element-align-left .elementor-divider-separator:before{content:none}.elementor-widget-divider--element-align-left .elementor-divider__element{margin-left:0}.elementor-widget-divider--element-align-right .elementor-divider .elementor-divider-separator>.elementor-divider__svg:last-of-type{flex-grow:0;flex-shrink:100}.elementor-widget-divider--element-align-right .elementor-divider-separator:after{content:none}.elementor-widget-divider--element-align-right .elementor-divider__element{margin-right:0}.elementor-widget-divider--element-align-start .elementor-divider .elementor-divider-separator>.elementor-divider__svg:first-of-type{flex-grow:0;flex-shrink:100}.elementor-widget-divider--element-align-start .elementor-divider-separator:before{content:none}.elementor-widget-divider--element-align-start .elementor-divider__element{margin-inline-start:0}.elementor-widget-divider--element-align-end .elementor-divider .elementor-divider-separator>.elementor-divider__svg:last-of-type{flex-grow:0;flex-shrink:100}.elementor-widget-divider--element-align-end .elementor-divider-separator:after{content:none}.elementor-widget-divider--element-align-end .elementor-divider__element{margin-inline-end:0}.elementor-widget-divider:not(.elementor-widget-divider--view-line_text):not(.elementor-widget-divider--view-line_icon) .elementor-divider-separator{border-block-start:var(--divider-border-width) var(--divider-border-style) var(--divider-color)}.elementor-widget-divider--separator-type-pattern{--divider-border-style:none}.elementor-widget-divider--separator-type-pattern.elementor-widget-divider--view-line .elementor-divider-separator,.elementor-widget-divider--separator-type-pattern:not(.elementor-widget-divider--view-line) .elementor-divider-separator:after,.elementor-widget-divider--separator-type-pattern:not(.elementor-widget-divider--view-line) .elementor-divider-separator:before,.elementor-widget-divider--separator-type-pattern:not([class*=elementor-widget-divider--view]) .elementor-divider-separator{width:100%;min-height:var(--divider-pattern-height);-webkit-mask-size:var(--divider-pattern-size) 100%;mask-size:var(--divider-pattern-size) 100%;-webkit-mask-repeat:var(--divider-pattern-repeat);mask-repeat:var(--divider-pattern-repeat);background-color:var(--divider-color);-webkit-mask-image:var(--divider-pattern-url);mask-image:var(--divider-pattern-url)}.elementor-widget-divider--no-spacing{--divider-pattern-size:auto}.elementor-widget-divider--bg-round{--divider-pattern-repeat:round}.rtl .elementor-widget-divider .elementor-divider__text{direction:rtl}.e-con-inner>.elementor-widget-divider,.e-con>.elementor-widget-divider{width:var(--container-widget-width,100%);--flex-grow:var(--container-widget-flex-grow)}<\/style>\t\t<div class=\"elementor-divider\">\n\t\t\t<span class=\"elementor-divider-separator\">\n\t\t\t\t\t\t<\/span>\n\t\t<\/div>\n\t\t\t\t<\/div>\n\t\t\t\t<\/div>\n\t\t\t\t<div class=\"elementor-element elementor-element-190d8e9 elementor-widget__width-initial elementor-widget elementor-widget-text-editor\" data-id=\"190d8e9\" data-element_type=\"widget\" data-widget_type=\"text-editor.default\">\n\t\t\t\t<div class=\"elementor-widget-container\">\n\t\t\t\t\t\t\t<p class=\"\" data-start=\"246\" data-end=\"280\"><span style=\"color: var( --e-global-color-primary ); background-color: var( --e-global-color-42fa7f8 ); font-family: var(--pt-typography-body-font-family); letter-spacing: var(--pt-typography-body-letter-spacing); text-transform: var(--pt-typography-body-text-transform);\">Du f\u00fchlst dich gerade \u00fcberfordert, innerlich blockiert oder hast das Gef\u00fchl, den Boden unter den F\u00fc\u00dfen zu verlieren?<\/span><\/p><p class=\"\" data-start=\"282\" data-end=\"446\">\u2013 Dann ist der <strong>Akut\u274aSupport<\/strong> f\u00fcr dich. \u2013<\/p><p class=\"\" data-start=\"448\" data-end=\"648\">Wenn du merkst, dass du feststeckst, dich emotional oder energetisch \u00fcberfordert f\u00fchlst oder einfach jemanden brauchst, der dich in diesem Moment auff\u00e4ngt, kannst du hier dein Anliegen mit mir teilen.<\/p><p class=\"\" data-start=\"650\" data-end=\"873\"><strong data-start=\"650\" data-end=\"672\">Was dich erwartet:<\/strong><br data-start=\"672\" data-end=\"675\" \/>Nach deiner Anfrage melde ich mich innerhalb von <strong data-start=\"724\" data-end=\"751\">24 Stunden per WhatsApp<\/strong> bei dir. In einem kurzen Austausch kl\u00e4ren wir gemeinsam, welches Setting jetzt gerade f\u00fcr dich stimmig und hilfreich ist.<\/p><p class=\"\" style=\"text-align: left;\" data-start=\"875\" data-end=\"1110\"><strong>Das kann zum Beispiel sein:<\/strong><br data-start=\"902\" data-end=\"905\" \/>\u274a\u00a0 \u00a0intuitive &amp; k\u00f6rperorientierte Energiearbeit<br data-start=\"949\" data-end=\"952\" \/>\u274a\u00a0 \u00a0eine Matrix Session<br data-start=\"980\" data-end=\"983\" \/>\u274a\u00a0 \u00a0Botschaften aus deinem Energiefeld, die dich st\u00e4rken und dir Orientierung geben<br data-start=\"1050\" data-end=\"1053\" \/>\u274a\u00a0 \u00a0Impulse, wie du dich selbst wieder stabilisieren kannst<\/p><p class=\"\" data-start=\"1112\" data-end=\"1359\">Wenn du z.\u202fB. nicht geerdet bist, beginne ich mit einer Erdung, bringe dein Feld wieder in Balance und gebe dir weiterf\u00fchrende Impulse, was du f\u00fcr dich tun kannst. Ich arbeite intuitiv und energetisch \u2013 so, wie es deine Energie gerade braucht.<\/p><p class=\"\" style=\"text-align: left;\" data-start=\"1361\" data-end=\"1385\"><strong data-start=\"1361\" data-end=\"1383\">Ablauf:<\/strong><\/p><ol data-start=\"1386\" data-end=\"1661\"><li class=\"\" style=\"text-align: left;\" data-start=\"1386\" data-end=\"1461\"><p class=\"\" data-start=\"1389\" data-end=\"1461\">Du f\u00fcllst das Kontaktformular aus und beschreibst kurz, worum es geht.<\/p><\/li><li class=\"\" style=\"text-align: left;\" data-start=\"1462\" data-end=\"1520\"><p class=\"\" data-start=\"1465\" data-end=\"1520\">Ich melde mich so bald wie m\u00f6glich \u2013 in der Regel innerhalb von 24 Stunden per WhatsApp.<\/p><\/li><li class=\"\" style=\"text-align: left;\" data-start=\"1521\" data-end=\"1579\"><p class=\"\" data-start=\"1524\" data-end=\"1579\">Wir kl\u00e4ren gemeinsam, wie ich dich unterst\u00fctzen kann.<\/p><\/li><li class=\"\" style=\"text-align: left;\" data-start=\"1580\" data-end=\"1624\"><p class=\"\" data-start=\"1583\" data-end=\"1624\">Du erh\u00e4ltst von mir einen Buchungslink.<\/p><\/li><li class=\"\" data-start=\"1625\" data-end=\"1661\"><p class=\"\" style=\"text-align: left;\" data-start=\"1628\" data-end=\"1661\">Die Session findet zeitnah statt.<\/p><\/li><\/ol><p class=\"\" style=\"text-align: left;\" data-start=\"1663\" data-end=\"1696\"><strong data-start=\"1663\" data-end=\"1696\">Energetischer Ausgleich: 111 \u20ac<\/strong><\/p><p class=\"\" data-start=\"1698\" data-end=\"1886\">Dieses Angebot ist f\u00fcr akute Situationen gedacht \u2013 nicht als l\u00e4ngere Begleitung, sondern als schnelle, klare und wirkungsvolle Unterst\u00fctzung, um dich wieder zu zentrieren und auszurichten.<\/p><p class=\"\" data-start=\"967\" data-end=\"1162\"><strong data-start=\"1164\" data-end=\"1220\">Schreib mir jetzt und teile, was dich gerade bewegt.\u00a0<\/strong>Ich bin da, um dich zu unterst\u00fctzen.<\/p>\t\t\t\t\t\t<\/div>\n\t\t\t\t<\/div>\n\t\t\t\t<div class=\"elementor-element elementor-element-7ff9f5c elementor-invisible elementor-widget elementor-widget-pt-contact-form-7\" data-id=\"7ff9f5c\" data-element_type=\"widget\" data-settings=\"{&quot;_animation&quot;:&quot;fadeInUp&quot;}\" data-widget_type=\"pt-contact-form-7.default\">\n\t\t\t\t<div class=\"elementor-widget-container\">\n\t\t\t\n\t\t\t<div class=\"pt-contact-form-7\">\n\t\t\t\t\n<div class=\"wpcf7 no-js\" id=\"wpcf7-f692-o1\" lang=\"en-US\" dir=\"ltr\">\n<div class=\"screen-reader-response\"><p role=\"status\" aria-live=\"polite\" aria-atomic=\"true\"><\/p> <ul><\/ul><\/div>\n<form action=\"\/wp-json\/wp\/v2\/pages\/5743\" method=\"post\" class=\"wpcf7-form init\" aria-label=\"Contact form\" novalidate=\"novalidate\" data-status=\"init\" data-trp-original-action=\"\/de\/wp-json\/wp\/v2\/pages\/5743#wpcf7-f692-o1\">\n<div style=\"display: none;\">\n<input type=\"hidden\" name=\"_wpcf7\" value=\"692\" \/>\n<input type=\"hidden\" name=\"_wpcf7_version\" value=\"5.9.4\" \/>\n<input type=\"hidden\" name=\"_wpcf7_locale\" value=\"en_US\" \/>\n<input type=\"hidden\" name=\"_wpcf7_unit_tag\" value=\"wpcf7-f692-o1\" \/>\n<input type=\"hidden\" name=\"_wpcf7_container_post\" value=\"0\" \/>\n<input type=\"hidden\" name=\"_wpcf7_posted_data_hash\" value=\"\" \/>\n<\/div>\n<div class=\"row\">\n\t<div class=\"col-12 col-md-6 mb-4\">\n\t\t<p><span class=\"wpcf7-form-control-wrap\" data-name=\"your-name\"><input size=\"40\" class=\"wpcf7-form-control wpcf7-text wpcf7-validates-as-required\" aria-required=\"true\" aria-invalid=\"false\" placeholder=\"Name\" value=\"\" type=\"text\" name=\"your-name\" \/><\/span>\n\t\t<\/p>\n\t<\/div>\n\t<div class=\"col-12 col-md-6 mb-4\">\n\t\t<p><span class=\"wpcf7-form-control-wrap\" data-name=\"your-email\"><input size=\"40\" class=\"wpcf7-form-control wpcf7-email wpcf7-text wpcf7-validates-as-email\" aria-invalid=\"false\" placeholder=\"E-Mail\" value=\"\" type=\"email\" name=\"your-email\" \/><\/span>\n\t\t<\/p>\n\t<\/div>\n\t<div class=\"col-12 col-md-6 mb-4\">\n\t\t<p><span class=\"wpcf7-form-control-wrap\" data-name=\"your-phone\"><input size=\"40\" class=\"wpcf7-form-control wpcf7-tel wpcf7-text wpcf7-validates-as-tel\" aria-invalid=\"false\" placeholder=\"Handynummer\" value=\"\" type=\"tel\" name=\"your-phone\" \/><\/span>\n\t\t<\/p>\n\t<\/div>\n\t<div class=\"col-12 col-md-6 mb-4\">\n\t\t<p><span class=\"wpcf7-form-control-wrap\" data-name=\"your-subject\"><input size=\"40\" class=\"wpcf7-form-control wpcf7-text wpcf7-validates-as-required\" aria-required=\"true\" aria-invalid=\"false\" placeholder=\"Betreff\" value=\"\" type=\"text\" name=\"your-subject\" \/><\/span>\n\t\t<\/p>\n\t<\/div>\n\t<div class=\"col-12 mb-4\">\n\t\t<p><span class=\"wpcf7-form-control-wrap\" data-name=\"your-message\"><textarea cols=\"40\" rows=\"4\" class=\"wpcf7-form-control wpcf7-textarea\" aria-invalid=\"false\" placeholder=\"Deine Nachricht\" name=\"your-message\"><\/textarea><\/span>\n\t\t<\/p>\n\t<\/div>\n<\/div>\n<p><span class=\"wpcf7-form-control-wrap\" data-name=\"acceptance-436\"><span class=\"wpcf7-form-control wpcf7-acceptance optional\"><span class=\"wpcf7-list-item\"><label><input type=\"checkbox\" name=\"acceptance-436\" value=\"1\" aria-invalid=\"false\" \/><span class=\"wpcf7-list-item-label\">Ich bin damit einverstanden, dass meine personenbezogenen Daten verarbeitet werden und habe die Allgemeinen Gesch\u00e4ftsbedingungen sowie die Datenschutzrichtlinie dieser Website gelesen und akzeptiert.<\/span><\/label><\/span><\/span><\/span>\n<\/p>\n<div style=\"margin-top: 8px; text-align: center;\">\n\t<p><input class=\"wpcf7-form-control wpcf7-submit has-spinner\" type=\"submit\" value=\"Senden\" \/>\n\t<\/p>\n<\/div><div class=\"wpcf7-response-output\" aria-hidden=\"true\"><\/div>\n<input type=\"hidden\" name=\"trp-form-language\" value=\"de\"\/><\/form>\n<\/div>\n\t\t\t<\/div>\n\n\t\t\t\t<\/div>\n\t\t\t\t<\/div>\n\t\t\t\t\t<\/div>\n\t\t\t\t<\/div>\n\t\t\t\t\t<\/div>\n\t\t\t\t<\/div>\n\t\t\t\t<\/div>","protected":false},"excerpt":{"rendered":"<p>Akut\u274aSupport Schnelle, klare und wirkungsvolle Unterst\u00fctzung f\u00fcr dich in intensiven \u00dcbergangsphasen Du f\u00fchlst dich gerade \u00fcberfordert, innerlich blockiert oder hast das Gef\u00fchl, den Boden&#8230;<\/p>","protected":false},"author":3,"featured_media":0,"parent":0,"menu_order":0,"comment_status":"closed","ping_status":"closed","template":"","meta":{"_acf_changed":false,"footnotes":""},"class_list":["post-5743","page","type-page","status-publish","hentry"],"acf":[],"yoast_head":"<!-- This site is optimized with the Yoast SEO plugin v26.2 - https:\/\/yoast.com\/wordpress\/plugins\/seo\/ -->\n<title>Akut\u274aSupport - Erde und Himmel - Laura Auer<\/title>\n<meta name=\"robots\" content=\"index, follow, max-snippet:-1, max-image-preview:large, max-video-preview:-1\" \/>\n<link rel=\"canonical\" href=\"https:\/\/erde-und-himmel.com\/de\/kontakt-akut-support\/\" \/>\n<meta property=\"og:locale\" content=\"de_DE\" \/>\n<meta property=\"og:type\" content=\"article\" \/>\n<meta property=\"og:title\" content=\"Akut\u274aSupport - Erde und Himmel - Laura Auer\" \/>\n<meta property=\"og:description\" content=\"Akut\u274aSupport Schnelle, klare und wirkungsvolle Unterst\u00fctzung f\u00fcr dich in intensiven \u00dcbergangsphasen Du f\u00fchlst dich gerade \u00fcberfordert, innerlich blockiert oder hast das Gef\u00fchl, den Boden...\" \/>\n<meta property=\"og:url\" content=\"https:\/\/erde-und-himmel.com\/de\/kontakt-akut-support\/\" \/>\n<meta property=\"og:site_name\" content=\"Erde und Himmel - Laura Auer\" \/>\n<meta property=\"article:modified_time\" content=\"2026-02-11T17:23:40+00:00\" \/>\n<meta name=\"twitter:card\" content=\"summary_large_image\" \/>\n<meta name=\"twitter:label1\" content=\"Gesch\u00e4tzte Lesezeit\" \/>\n\t<meta name=\"twitter:data1\" content=\"2 Minuten\" \/>\n<script type=\"application\/ld+json\" class=\"yoast-schema-graph\">{\"@context\":\"https:\/\/schema.org\",\"@graph\":[{\"@type\":\"WebPage\",\"@id\":\"https:\/\/erde-und-himmel.com\/kontakt-akut-support\/\",\"url\":\"https:\/\/erde-und-himmel.com\/kontakt-akut-support\/\",\"name\":\"Akut\u274aSupport - Erde und Himmel - Laura Auer\",\"isPartOf\":{\"@id\":\"https:\/\/erde-und-himmel.com\/#website\"},\"datePublished\":\"2025-04-03T09:07:18+00:00\",\"dateModified\":\"2026-02-11T17:23:40+00:00\",\"breadcrumb\":{\"@id\":\"https:\/\/erde-und-himmel.com\/kontakt-akut-support\/#breadcrumb\"},\"inLanguage\":\"de-AT\",\"potentialAction\":[{\"@type\":\"ReadAction\",\"target\":[\"https:\/\/erde-und-himmel.com\/kontakt-akut-support\/\"]}]},{\"@type\":\"BreadcrumbList\",\"@id\":\"https:\/\/erde-und-himmel.com\/kontakt-akut-support\/#breadcrumb\",\"itemListElement\":[{\"@type\":\"ListItem\",\"position\":1,\"name\":\"Home\",\"item\":\"https:\/\/erde-und-himmel.com\/\"},{\"@type\":\"ListItem\",\"position\":2,\"name\":\"Akut\u274aSupport\"}]},{\"@type\":\"WebSite\",\"@id\":\"https:\/\/erde-und-himmel.com\/#website\",\"url\":\"https:\/\/erde-und-himmel.com\/\",\"name\":\"Erde und Himmel - Laura Auer\",\"description\":\"\",\"publisher\":{\"@id\":\"https:\/\/erde-und-himmel.com\/#organization\"},\"potentialAction\":[{\"@type\":\"SearchAction\",\"target\":{\"@type\":\"EntryPoint\",\"urlTemplate\":\"https:\/\/erde-und-himmel.com\/?s={search_term_string}\"},\"query-input\":{\"@type\":\"PropertyValueSpecification\",\"valueRequired\":true,\"valueName\":\"search_term_string\"}}],\"inLanguage\":\"de-AT\"},{\"@type\":\"Organization\",\"@id\":\"https:\/\/erde-und-himmel.com\/#organization\",\"name\":\"Erde und Himmel - Laura Auer\",\"url\":\"https:\/\/erde-und-himmel.com\/\",\"logo\":{\"@type\":\"ImageObject\",\"inLanguage\":\"de-AT\",\"@id\":\"https:\/\/erde-und-himmel.com\/#\/schema\/logo\/image\/\",\"url\":\"https:\/\/erde-und-himmel.com\/wp-content\/uploads\/2025\/10\/cropped-Untitled-design.png\",\"contentUrl\":\"https:\/\/erde-und-himmel.com\/wp-content\/uploads\/2025\/10\/cropped-Untitled-design.png\",\"width\":512,\"height\":512,\"caption\":\"Erde und Himmel - Laura Auer\"},\"image\":{\"@id\":\"https:\/\/erde-und-himmel.com\/#\/schema\/logo\/image\/\"},\"sameAs\":[\"https:\/\/www.instagram.com\/erde_und_himmel\/\"]}]}<\/script>\n<!-- \/ Yoast SEO plugin. -->","yoast_head_json":{"title":"Akut\u274aSupport - Erde und Himmel - Laura Auer","robots":{"index":"index","follow":"follow","max-snippet":"max-snippet:-1","max-image-preview":"max-image-preview:large","max-video-preview":"max-video-preview:-1"},"canonical":"https:\/\/erde-und-himmel.com\/de\/kontakt-akut-support\/","og_locale":"de_DE","og_type":"article","og_title":"Akut\u274aSupport - Erde und Himmel - Laura Auer","og_description":"Akut\u274aSupport Schnelle, klare und wirkungsvolle Unterst\u00fctzung f\u00fcr dich in intensiven \u00dcbergangsphasen Du f\u00fchlst dich gerade \u00fcberfordert, innerlich blockiert oder hast das Gef\u00fchl, den Boden...","og_url":"https:\/\/erde-und-himmel.com\/de\/kontakt-akut-support\/","og_site_name":"Erde und Himmel - Laura Auer","article_modified_time":"2026-02-11T17:23:40+00:00","twitter_card":"summary_large_image","twitter_misc":{"Gesch\u00e4tzte Lesezeit":"2 Minuten"},"schema":{"@context":"https:\/\/schema.org","@graph":[{"@type":"WebPage","@id":"https:\/\/erde-und-himmel.com\/kontakt-akut-support\/","url":"https:\/\/erde-und-himmel.com\/kontakt-akut-support\/","name":"Akut\u274aSupport - Erde und Himmel - Laura Auer","isPartOf":{"@id":"https:\/\/erde-und-himmel.com\/#website"},"datePublished":"2025-04-03T09:07:18+00:00","dateModified":"2026-02-11T17:23:40+00:00","breadcrumb":{"@id":"https:\/\/erde-und-himmel.com\/kontakt-akut-support\/#breadcrumb"},"inLanguage":"de-AT","potentialAction":[{"@type":"ReadAction","target":["https:\/\/erde-und-himmel.com\/kontakt-akut-support\/"]}]},{"@type":"BreadcrumbList","@id":"https:\/\/erde-und-himmel.com\/kontakt-akut-support\/#breadcrumb","itemListElement":[{"@type":"ListItem","position":1,"name":"Home","item":"https:\/\/erde-und-himmel.com\/"},{"@type":"ListItem","position":2,"name":"Akut\u274aSupport"}]},{"@type":"WebSite","@id":"https:\/\/erde-und-himmel.com\/#website","url":"https:\/\/erde-und-himmel.com\/","name":"Erde und Himmel - Laura Auer","description":"","publisher":{"@id":"https:\/\/erde-und-himmel.com\/#organization"},"potentialAction":[{"@type":"SearchAction","target":{"@type":"EntryPoint","urlTemplate":"https:\/\/erde-und-himmel.com\/?s={search_term_string}"},"query-input":{"@type":"PropertyValueSpecification","valueRequired":true,"valueName":"search_term_string"}}],"inLanguage":"de-AT"},{"@type":"Organization","@id":"https:\/\/erde-und-himmel.com\/#organization","name":"Erde und Himmel - Laura Auer","url":"https:\/\/erde-und-himmel.com\/","logo":{"@type":"ImageObject","inLanguage":"de-AT","@id":"https:\/\/erde-und-himmel.com\/#\/schema\/logo\/image\/","url":"https:\/\/erde-und-himmel.com\/wp-content\/uploads\/2025\/10\/cropped-Untitled-design.png","contentUrl":"https:\/\/erde-und-himmel.com\/wp-content\/uploads\/2025\/10\/cropped-Untitled-design.png","width":512,"height":512,"caption":"Erde und Himmel - Laura Auer"},"image":{"@id":"https:\/\/erde-und-himmel.com\/#\/schema\/logo\/image\/"},"sameAs":["https:\/\/www.instagram.com\/erde_und_himmel\/"]}]}},"_links":{"self":[{"href":"https:\/\/erde-und-himmel.com\/de\/wp-json\/wp\/v2\/pages\/5743","targetHints":{"allow":["GET"]}}],"collection":[{"href":"https:\/\/erde-und-himmel.com\/de\/wp-json\/wp\/v2\/pages"}],"about":[{"href":"https:\/\/erde-und-himmel.com\/de\/wp-json\/wp\/v2\/types\/page"}],"author":[{"embeddable":true,"href":"https:\/\/erde-und-himmel.com\/de\/wp-json\/wp\/v2\/users\/3"}],"replies":[{"embeddable":true,"href":"https:\/\/erde-und-himmel.com\/de\/wp-json\/wp\/v2\/comments?post=5743"}],"version-history":[{"count":36,"href":"https:\/\/erde-und-himmel.com\/de\/wp-json\/wp\/v2\/pages\/5743\/revisions"}],"predecessor-version":[{"id":13693,"href":"https:\/\/erde-und-himmel.com\/de\/wp-json\/wp\/v2\/pages\/5743\/revisions\/13693"}],"wp:attachment":[{"href":"https:\/\/erde-und-himmel.com\/de\/wp-json\/wp\/v2\/media?parent=5743"}],"curies":[{"name":"wp","href":"https:\/\/api.w.org\/{rel}","templated":true}]}}