{"id":6023,"date":"2025-04-05T11:26:17","date_gmt":"2025-04-05T11:26:17","guid":{"rendered":"http:\/\/erde-und-himmel.com\/?page_id=6023"},"modified":"2025-04-05T11:37:54","modified_gmt":"2025-04-05T11:37:54","slug":"kontakt-1%e2%9d%8a1-begleitung","status":"publish","type":"page","link":"https:\/\/erde-und-himmel.com\/de\/kontakt-1%e2%9d%8a1-begleitung\/","title":{"rendered":"Kontakt 1\u274a1 Begleitung"},"content":{"rendered":"<div data-elementor-type=\"wp-page\" data-elementor-id=\"6023\" class=\"elementor elementor-6023\" data-elementor-post-type=\"page\">\n\t\t\t\t<div class=\"elementor-element elementor-element-fd29ce8 e-flex e-con-boxed e-con e-parent\" data-id=\"fd29ce8\" data-element_type=\"container\" data-settings=\"{&quot;background_background&quot;:&quot;classic&quot;}\">\n\t\t\t\t\t<div class=\"e-con-inner\">\n\t\t<div class=\"elementor-element elementor-element-011289a e-flex e-con-boxed e-con e-child\" data-id=\"011289a\" data-element_type=\"container\">\n\t\t\t\t\t<div class=\"e-con-inner\">\n\t\t\t\t<div class=\"elementor-element elementor-element-f913ec0 elementor-widget elementor-widget-text-editor\" data-id=\"f913ec0\" data-element_type=\"widget\" data-widget_type=\"text-editor.default\">\n\t\t\t\t<div class=\"elementor-widget-container\">\n\t\t\t<style>\/*! elementor - v3.21.0 - 08-05-2024 *\/\n.elementor-widget-text-editor.elementor-drop-cap-view-stacked .elementor-drop-cap{background-color:#69727d;color:#fff}.elementor-widget-text-editor.elementor-drop-cap-view-framed .elementor-drop-cap{color:#69727d;border:3px solid;background-color:transparent}.elementor-widget-text-editor:not(.elementor-drop-cap-view-default) .elementor-drop-cap{margin-top:8px}.elementor-widget-text-editor:not(.elementor-drop-cap-view-default) .elementor-drop-cap-letter{width:1em;height:1em}.elementor-widget-text-editor .elementor-drop-cap{float:left;text-align:center;line-height:1;font-size:50px}.elementor-widget-text-editor .elementor-drop-cap-letter{display:inline-block}<\/style>\t\t\t\t<p><b>DEIN<\/b>\u00a0<span style=\"text-decoration: underline;\">kostenloses<\/span> <strong>Kennenlerngespr\u00e4ch<\/strong>!<\/p>\t\t\t\t\t\t<\/div>\n\t\t\t\t<\/div>\n\t\t\t\t<div class=\"elementor-element elementor-element-51ceed5 elementor-widget__width-initial elementor-widget elementor-widget-text-editor\" data-id=\"51ceed5\" data-element_type=\"widget\" data-widget_type=\"text-editor.default\">\n\t\t\t\t<div class=\"elementor-widget-container\">\n\t\t\t\t\t\t\t<p class=\"\" data-start=\"133\" data-end=\"294\">Du m\u00f6chtest sp\u00fcren, ob meine Begleitung dich auf deinem Weg unterst\u00fctzen kann?<br \/><br \/><strong>Dann lade ich dich von Herzen zu einem unverbindlichen Kennenlerngespr\u00e4ch ein.<\/strong><\/p><p class=\"\" data-start=\"296\" data-end=\"450\">F\u00fclle dazu die untenstehenden Felder aus. Ich melde mich innerhalb von 7 Tagen pers\u00f6nlich bei dir \u00fcber <strong>WhatsApp<\/strong>, um einen Termin mit dir zu vereinbaren.<\/p><p class=\"\" data-start=\"452\" data-end=\"495\"><strong>Ich freue mich darauf, dich kennenzulernen.<\/strong><\/p>\t\t\t\t\t\t<\/div>\n\t\t\t\t<\/div>\n\t\t\t\t<div class=\"elementor-element elementor-element-744e21b elementor-invisible elementor-widget elementor-widget-pt-contact-form-7\" data-id=\"744e21b\" data-element_type=\"widget\" data-settings=\"{&quot;_animation&quot;:&quot;fadeInUp&quot;}\" data-widget_type=\"pt-contact-form-7.default\">\n\t\t\t\t<div class=\"elementor-widget-container\">\n\t\t\t\n\t\t\t<div class=\"pt-contact-form-7\">\n\t\t\t\t\n<div class=\"wpcf7 no-js\" id=\"wpcf7-f692-o1\" lang=\"en-US\" dir=\"ltr\">\n<div class=\"screen-reader-response\"><p role=\"status\" aria-live=\"polite\" aria-atomic=\"true\"><\/p> <ul><\/ul><\/div>\n<form action=\"\/wp-json\/wp\/v2\/pages\/6023\" method=\"post\" class=\"wpcf7-form init\" aria-label=\"Contact form\" novalidate=\"novalidate\" data-status=\"init\" data-trp-original-action=\"\/de\/wp-json\/wp\/v2\/pages\/6023#wpcf7-f692-o1\">\n<div style=\"display: none;\">\n<input type=\"hidden\" name=\"_wpcf7\" value=\"692\" \/>\n<input type=\"hidden\" name=\"_wpcf7_version\" value=\"5.9.4\" \/>\n<input type=\"hidden\" name=\"_wpcf7_locale\" value=\"en_US\" \/>\n<input type=\"hidden\" name=\"_wpcf7_unit_tag\" value=\"wpcf7-f692-o1\" \/>\n<input type=\"hidden\" name=\"_wpcf7_container_post\" value=\"0\" \/>\n<input type=\"hidden\" name=\"_wpcf7_posted_data_hash\" value=\"\" \/>\n<\/div>\n<div class=\"row\">\n\t<div class=\"col-12 col-md-6 mb-4\">\n\t\t<p><span class=\"wpcf7-form-control-wrap\" data-name=\"your-name\"><input size=\"40\" class=\"wpcf7-form-control wpcf7-text wpcf7-validates-as-required\" aria-required=\"true\" aria-invalid=\"false\" placeholder=\"Name\" value=\"\" type=\"text\" name=\"your-name\" \/><\/span>\n\t\t<\/p>\n\t<\/div>\n\t<div class=\"col-12 col-md-6 mb-4\">\n\t\t<p><span class=\"wpcf7-form-control-wrap\" data-name=\"your-email\"><input size=\"40\" class=\"wpcf7-form-control wpcf7-email wpcf7-text wpcf7-validates-as-email\" aria-invalid=\"false\" placeholder=\"E-Mail\" value=\"\" type=\"email\" name=\"your-email\" \/><\/span>\n\t\t<\/p>\n\t<\/div>\n\t<div class=\"col-12 col-md-6 mb-4\">\n\t\t<p><span class=\"wpcf7-form-control-wrap\" data-name=\"your-phone\"><input size=\"40\" class=\"wpcf7-form-control wpcf7-tel wpcf7-text wpcf7-validates-as-tel\" aria-invalid=\"false\" placeholder=\"Handynummer\" value=\"\" type=\"tel\" name=\"your-phone\" \/><\/span>\n\t\t<\/p>\n\t<\/div>\n\t<div class=\"col-12 col-md-6 mb-4\">\n\t\t<p><span class=\"wpcf7-form-control-wrap\" data-name=\"your-subject\"><input size=\"40\" class=\"wpcf7-form-control wpcf7-text wpcf7-validates-as-required\" aria-required=\"true\" aria-invalid=\"false\" placeholder=\"Betreff\" value=\"\" type=\"text\" name=\"your-subject\" \/><\/span>\n\t\t<\/p>\n\t<\/div>\n\t<div class=\"col-12 mb-4\">\n\t\t<p><span class=\"wpcf7-form-control-wrap\" data-name=\"your-message\"><textarea cols=\"40\" rows=\"4\" class=\"wpcf7-form-control wpcf7-textarea\" aria-invalid=\"false\" placeholder=\"Deine Nachricht\" name=\"your-message\"><\/textarea><\/span>\n\t\t<\/p>\n\t<\/div>\n<\/div>\n<p><span class=\"wpcf7-form-control-wrap\" data-name=\"acceptance-436\"><span class=\"wpcf7-form-control wpcf7-acceptance optional\"><span class=\"wpcf7-list-item\"><label><input type=\"checkbox\" name=\"acceptance-436\" value=\"1\" aria-invalid=\"false\" \/><span class=\"wpcf7-list-item-label\">Ich bin damit einverstanden, dass meine personenbezogenen Daten verarbeitet werden und habe die Allgemeinen Gesch\u00e4ftsbedingungen sowie die Datenschutzrichtlinie dieser Website gelesen und akzeptiert.<\/span><\/label><\/span><\/span><\/span>\n<\/p>\n<div style=\"margin-top: 8px; text-align: center;\">\n\t<p><input class=\"wpcf7-form-control wpcf7-submit has-spinner\" type=\"submit\" value=\"Senden\" \/>\n\t<\/p>\n<\/div><div class=\"wpcf7-response-output\" aria-hidden=\"true\"><\/div>\n<input type=\"hidden\" name=\"trp-form-language\" value=\"de\"\/><\/form>\n<\/div>\n\t\t\t<\/div>\n\n\t\t\t\t<\/div>\n\t\t\t\t<\/div>\n\t\t\t\t\t<\/div>\n\t\t\t\t<\/div>\n\t\t\t\t\t<\/div>\n\t\t\t\t<\/div>\n\t\t\t\t<\/div>","protected":false},"excerpt":{"rendered":"<p>DEIN\u00a0kostenloses Kennenlerngespr\u00e4ch! Du m\u00f6chtest sp\u00fcren, ob meine Begleitung dich auf deinem Weg unterst\u00fctzen kann? Dann lade ich dich von Herzen zu einem unverbindlichen Kennenlerngespr\u00e4ch&#8230;<\/p>","protected":false},"author":3,"featured_media":0,"parent":0,"menu_order":0,"comment_status":"closed","ping_status":"closed","template":"","meta":{"_acf_changed":false,"footnotes":""},"class_list":["post-6023","page","type-page","status-publish","hentry"],"acf":[],"yoast_head":"<!-- This site is optimized with the Yoast SEO plugin v26.2 - https:\/\/yoast.com\/wordpress\/plugins\/seo\/ -->\n<title>Kontakt 1\u274a1 Begleitung - Erde und Himmel - Laura Auer<\/title>\n<meta name=\"robots\" content=\"index, follow, max-snippet:-1, max-image-preview:large, max-video-preview:-1\" \/>\n<link rel=\"canonical\" href=\"https:\/\/erde-und-himmel.com\/de\/kontakt-1\u274a1-begleitung\/\" \/>\n<meta property=\"og:locale\" content=\"de_DE\" \/>\n<meta property=\"og:type\" content=\"article\" \/>\n<meta property=\"og:title\" content=\"Kontakt 1\u274a1 Begleitung - Erde und Himmel - Laura Auer\" \/>\n<meta property=\"og:description\" content=\"DEIN\u00a0kostenloses Kennenlerngespr\u00e4ch! Du m\u00f6chtest sp\u00fcren, ob meine Begleitung dich auf deinem Weg unterst\u00fctzen kann? Dann lade ich dich von Herzen zu einem unverbindlichen Kennenlerngespr\u00e4ch...\" \/>\n<meta property=\"og:url\" content=\"https:\/\/erde-und-himmel.com\/de\/kontakt-1\u274a1-begleitung\/\" \/>\n<meta property=\"og:site_name\" content=\"Erde und Himmel - Laura Auer\" \/>\n<meta property=\"article:modified_time\" content=\"2025-04-05T11:37:54+00:00\" \/>\n<meta name=\"twitter:card\" content=\"summary_large_image\" \/>\n<script type=\"application\/ld+json\" class=\"yoast-schema-graph\">{\"@context\":\"https:\/\/schema.org\",\"@graph\":[{\"@type\":\"WebPage\",\"@id\":\"https:\/\/erde-und-himmel.com\/kontakt-1%e2%9d%8a1-begleitung\/\",\"url\":\"https:\/\/erde-und-himmel.com\/kontakt-1%e2%9d%8a1-begleitung\/\",\"name\":\"Kontakt 1\u274a1 Begleitung - Erde und Himmel - Laura Auer\",\"isPartOf\":{\"@id\":\"https:\/\/erde-und-himmel.com\/#website\"},\"datePublished\":\"2025-04-05T11:26:17+00:00\",\"dateModified\":\"2025-04-05T11:37:54+00:00\",\"breadcrumb\":{\"@id\":\"https:\/\/erde-und-himmel.com\/kontakt-1%e2%9d%8a1-begleitung\/#breadcrumb\"},\"inLanguage\":\"de-AT\",\"potentialAction\":[{\"@type\":\"ReadAction\",\"target\":[\"https:\/\/erde-und-himmel.com\/kontakt-1%e2%9d%8a1-begleitung\/\"]}]},{\"@type\":\"BreadcrumbList\",\"@id\":\"https:\/\/erde-und-himmel.com\/kontakt-1%e2%9d%8a1-begleitung\/#breadcrumb\",\"itemListElement\":[{\"@type\":\"ListItem\",\"position\":1,\"name\":\"Home\",\"item\":\"https:\/\/erde-und-himmel.com\/\"},{\"@type\":\"ListItem\",\"position\":2,\"name\":\"Kontakt 1\u274a1 Begleitung\"}]},{\"@type\":\"WebSite\",\"@id\":\"https:\/\/erde-und-himmel.com\/#website\",\"url\":\"https:\/\/erde-und-himmel.com\/\",\"name\":\"Erde und Himmel - Laura Auer\",\"description\":\"\",\"publisher\":{\"@id\":\"https:\/\/erde-und-himmel.com\/#organization\"},\"potentialAction\":[{\"@type\":\"SearchAction\",\"target\":{\"@type\":\"EntryPoint\",\"urlTemplate\":\"https:\/\/erde-und-himmel.com\/?s={search_term_string}\"},\"query-input\":{\"@type\":\"PropertyValueSpecification\",\"valueRequired\":true,\"valueName\":\"search_term_string\"}}],\"inLanguage\":\"de-AT\"},{\"@type\":\"Organization\",\"@id\":\"https:\/\/erde-und-himmel.com\/#organization\",\"name\":\"Erde und Himmel - Laura Auer\",\"url\":\"https:\/\/erde-und-himmel.com\/\",\"logo\":{\"@type\":\"ImageObject\",\"inLanguage\":\"de-AT\",\"@id\":\"https:\/\/erde-und-himmel.com\/#\/schema\/logo\/image\/\",\"url\":\"https:\/\/erde-und-himmel.com\/wp-content\/uploads\/2025\/10\/cropped-Untitled-design.png\",\"contentUrl\":\"https:\/\/erde-und-himmel.com\/wp-content\/uploads\/2025\/10\/cropped-Untitled-design.png\",\"width\":512,\"height\":512,\"caption\":\"Erde und Himmel - Laura Auer\"},\"image\":{\"@id\":\"https:\/\/erde-und-himmel.com\/#\/schema\/logo\/image\/\"},\"sameAs\":[\"https:\/\/www.instagram.com\/erde_und_himmel\/\"]}]}<\/script>\n<!-- \/ Yoast SEO plugin. -->","yoast_head_json":{"title":"Kontakt 1\u274a1 Begleitung - Erde und Himmel - Laura Auer","robots":{"index":"index","follow":"follow","max-snippet":"max-snippet:-1","max-image-preview":"max-image-preview:large","max-video-preview":"max-video-preview:-1"},"canonical":"https:\/\/erde-und-himmel.com\/de\/kontakt-1\u274a1-begleitung\/","og_locale":"de_DE","og_type":"article","og_title":"Kontakt 1\u274a1 Begleitung - Erde und Himmel - Laura Auer","og_description":"DEIN\u00a0kostenloses Kennenlerngespr\u00e4ch! Du m\u00f6chtest sp\u00fcren, ob meine Begleitung dich auf deinem Weg unterst\u00fctzen kann? Dann lade ich dich von Herzen zu einem unverbindlichen Kennenlerngespr\u00e4ch...","og_url":"https:\/\/erde-und-himmel.com\/de\/kontakt-1\u274a1-begleitung\/","og_site_name":"Erde und Himmel - Laura Auer","article_modified_time":"2025-04-05T11:37:54+00:00","twitter_card":"summary_large_image","schema":{"@context":"https:\/\/schema.org","@graph":[{"@type":"WebPage","@id":"https:\/\/erde-und-himmel.com\/kontakt-1%e2%9d%8a1-begleitung\/","url":"https:\/\/erde-und-himmel.com\/kontakt-1%e2%9d%8a1-begleitung\/","name":"Kontakt 1\u274a1 Begleitung - Erde und Himmel - Laura Auer","isPartOf":{"@id":"https:\/\/erde-und-himmel.com\/#website"},"datePublished":"2025-04-05T11:26:17+00:00","dateModified":"2025-04-05T11:37:54+00:00","breadcrumb":{"@id":"https:\/\/erde-und-himmel.com\/kontakt-1%e2%9d%8a1-begleitung\/#breadcrumb"},"inLanguage":"de-AT","potentialAction":[{"@type":"ReadAction","target":["https:\/\/erde-und-himmel.com\/kontakt-1%e2%9d%8a1-begleitung\/"]}]},{"@type":"BreadcrumbList","@id":"https:\/\/erde-und-himmel.com\/kontakt-1%e2%9d%8a1-begleitung\/#breadcrumb","itemListElement":[{"@type":"ListItem","position":1,"name":"Home","item":"https:\/\/erde-und-himmel.com\/"},{"@type":"ListItem","position":2,"name":"Kontakt 1\u274a1 Begleitung"}]},{"@type":"WebSite","@id":"https:\/\/erde-und-himmel.com\/#website","url":"https:\/\/erde-und-himmel.com\/","name":"Erde und Himmel - Laura Auer","description":"","publisher":{"@id":"https:\/\/erde-und-himmel.com\/#organization"},"potentialAction":[{"@type":"SearchAction","target":{"@type":"EntryPoint","urlTemplate":"https:\/\/erde-und-himmel.com\/?s={search_term_string}"},"query-input":{"@type":"PropertyValueSpecification","valueRequired":true,"valueName":"search_term_string"}}],"inLanguage":"de-AT"},{"@type":"Organization","@id":"https:\/\/erde-und-himmel.com\/#organization","name":"Erde und Himmel - Laura Auer","url":"https:\/\/erde-und-himmel.com\/","logo":{"@type":"ImageObject","inLanguage":"de-AT","@id":"https:\/\/erde-und-himmel.com\/#\/schema\/logo\/image\/","url":"https:\/\/erde-und-himmel.com\/wp-content\/uploads\/2025\/10\/cropped-Untitled-design.png","contentUrl":"https:\/\/erde-und-himmel.com\/wp-content\/uploads\/2025\/10\/cropped-Untitled-design.png","width":512,"height":512,"caption":"Erde und Himmel - Laura Auer"},"image":{"@id":"https:\/\/erde-und-himmel.com\/#\/schema\/logo\/image\/"},"sameAs":["https:\/\/www.instagram.com\/erde_und_himmel\/"]}]}},"_links":{"self":[{"href":"https:\/\/erde-und-himmel.com\/de\/wp-json\/wp\/v2\/pages\/6023","targetHints":{"allow":["GET"]}}],"collection":[{"href":"https:\/\/erde-und-himmel.com\/de\/wp-json\/wp\/v2\/pages"}],"about":[{"href":"https:\/\/erde-und-himmel.com\/de\/wp-json\/wp\/v2\/types\/page"}],"author":[{"embeddable":true,"href":"https:\/\/erde-und-himmel.com\/de\/wp-json\/wp\/v2\/users\/3"}],"replies":[{"embeddable":true,"href":"https:\/\/erde-und-himmel.com\/de\/wp-json\/wp\/v2\/comments?post=6023"}],"version-history":[{"count":0,"href":"https:\/\/erde-und-himmel.com\/de\/wp-json\/wp\/v2\/pages\/6023\/revisions"}],"wp:attachment":[{"href":"https:\/\/erde-und-himmel.com\/de\/wp-json\/wp\/v2\/media?parent=6023"}],"curies":[{"name":"wp","href":"https:\/\/api.w.org\/{rel}","templated":true}]}}