{"id":3547,"date":"2024-11-14T23:16:35","date_gmt":"2024-11-14T23:16:35","guid":{"rendered":"http:\/\/erde-und-himmel.com\/?post_type=product&#038;p=3547"},"modified":"2026-02-02T10:33:31","modified_gmt":"2026-02-02T10:33:31","slug":"kundalini-aktivierung-online-einzelsession","status":"publish","type":"product","link":"https:\/\/erde-und-himmel.com\/de\/product\/kundalini-aktivierung-online-einzelsession\/","title":{"rendered":"1:1 Kundalini Aktivierung \u2022 Online via Zoom"},"content":{"rendered":"<div class=\"elementor-element elementor-element-f8daea9 elementor-widget__width-initial elementor-widget elementor-widget-text-editor\" data-id=\"f8daea9\" data-element_type=\"widget\" data-widget_type=\"text-editor.default\">\n<div class=\"elementor-widget-container\">\n<div data-id=\"5e70857\" data-element_type=\"widget\" data-widget_type=\"text-editor.default\">\n<div>Du funktionierst \u2013 aber f\u00fchlst dich oft leer, angespannt oder abgeschnitten?<\/div>\n<\/div>\n<div class=\"elementor-element elementor-element-7a1c7b3 elementor-widget elementor-widget-text-editor\" data-id=\"7a1c7b3\" data-element_type=\"widget\" data-widget_type=\"text-editor.default\">\n<div class=\"elementor-widget-container\">\n<div class=\"elementor-element elementor-element-7a1c7b3 elementor-widget elementor-widget-text-editor\" data-id=\"7a1c7b3\" data-element_type=\"widget\" data-widget_type=\"text-editor.default\">\n<div class=\"elementor-widget-container\">\n<p>Vom K\u00f6rper. Vom Leben. Von deiner Energie &amp; Intuition?<br \/>\n<span style=\"color: #000000;\"><strong>Dann ist es Zeit, etwas zu ver\u00e4ndern&#8230;<\/strong><\/span><\/p>\n<p>Energie kennt keine Grenzen. Weder Zeit noch Raum.<br \/>\nDiese Session erm\u00f6glicht dir, dich in deinem vertrauten Umfeld oder von jedem anderen Ort aus, tief zu sp\u00fcren.<\/p>\n<p>Die Aktivierung deiner Kundalini ist kein Tunm\u00fcssen, sondern ein Geschehenlassen.<br \/>\nEin Prozess des Loslassens \u2013 raus aus der Kontrolle, hinein in deine Hingabe und innere Freiheit.<\/p>\n<p><strong>Diese Session ist f\u00fcr dich, wenn du\u2026<br \/>\n&#8212;&#8212;&#8212;&#8212;<br \/>\n\u274a<\/strong>\u00a0 \u00a0mehr Verbindung zu K\u00f6rper, Essenz und Lebenskraft sp\u00fcren willst<br \/>\n<strong>\u274a\u00a0<\/strong> \u00a0innere Blockaden, Muster und Spannungen loslassen m\u00f6chtest<br \/>\n<strong>\u274a<\/strong>\u00a0 \u00a0emotionale Klarheit, innere Ruhe und Nervensystem-Regulation suchst<br \/>\n<strong>\u274a<\/strong>\u00a0 \u00a0weniger denken \u2013 und mehr f\u00fchlen, vertrauen, leben willst<br \/>\n<strong>\u274a<\/strong>\u00a0 \u00a0Energiearbeit nicht nur verstehen, sondern wirklich sp\u00fcren m\u00f6chtest<\/p>\n<p><strong>Was dich erwartet &amp; worauf du dich freuen kannst<br \/>\n&#8212;&#8212;&#8212;&#8212;<br \/>\n<\/strong><strong>\u274a\u00a0 \u00a0Einstimmung &amp; Vorgespr\u00e4ch<\/strong><br \/>\nAnkommen mit Einf\u00fchrung in die Kundalini-Energie &amp; Raum f\u00fcr deine individuellen Themen.<br \/>\n<strong>\u274a\u00a0 \u00a060 Minuten Energie\u00fcbertragung<\/strong><br \/>\nMit vollem Fokus nur auf dich.<br \/>\n<strong>\u274a\u00a0 \u00a0Ein sicherer Raum, in dem du dich zeigen darfst<\/strong><br \/>\nBewegung, Emotion, Stille, Lachen, Weinen, innere Bilder.<br \/>\n<strong>\u274a\u00a0 \u00a0Tiefe R\u00fcckverbindung mit deiner Essenz<\/strong><br \/>\nFrei von Dogmen oder Konzepten.<br \/>\n<strong>\u274a\u00a0 \u00a0Integration &amp; Austausch<\/strong><br \/>\nNachsp\u00fcren und Reflexion \u00a0\u2013 mit wertvollen Impulsen f\u00fcr deinen weiteren Weg.<\/p>\n<p><strong>Was du ben\u00f6tigst<\/strong><span style=\"font-family: UICTFontTextStyleEmphasizedBody, serif, EmojiFont;\"><span style=\"font-size: medium;\"><b><br \/>\n<\/b><\/span><\/span>&#8211; Laptop, Tablet oder Smartphone mit stabiler Internetverbindung<br \/>\n&#8211; Kabellose Kopfh\u00f6rer oder Lautsprecher<br \/>\n&#8211; Einen bequemen Platz zum Liegen (z.\u202fB. Yogamatte oder Decke)<br \/>\n&#8211; Einen ungest\u00f6rten Raum f\u00fcr ca. 90 Minuten<br \/>\n<b style=\"font-size: medium; font-family: UICTFontTextStyleEmphasizedBody, serif, EmojiFont;\"><br \/>\n<\/b><strong>Wichtig f\u00fcr deine Buchung<\/strong><b style=\"font-size: medium; font-family: UICTFontTextStyleEmphasizedBody, serif, EmojiFont;\"><br \/>\n<\/b>F\u00fcr die Terminabsprache melde ich mich innerhalb von 7 Tagen nach deiner Buchung pers\u00f6nlich \u00fcber WhatsApp bei dir.<\/p>\n<p><strong>Bist du bereit, dich in deiner Tiefe &amp; Essenz zu sp\u00fcren &#8211; und das von zu Hause?<\/strong><br \/>\n<strong>\u2728<\/strong> Dann ist diese Session f\u00fcr dich.<\/p>\n<\/div>\n<\/div>\n<\/div>\n<\/div>\n<\/div>\n<\/div>","protected":false},"excerpt":{"rendered":"<p>Sp\u00fcre die Magie der Kundalini von zu Hause.<br \/>\nErlebe, was passiert, wenn du dich wirklich f\u00fchlst \u2013 in dir, in deinem K\u00f6rper.<\/p>\n<p>Du willst tiefer gehen. Blockaden l\u00f6sen, Kontrolle loslassen \u2013 und dich an deine nat\u00fcrliche Energie erinnern? <strong>\u2728 <\/strong>Dann ist diese Session f\u00fcr dich.<br \/>\n<strong><br \/>\n90 Minuten 1:1 online \u00b7 via Zoom<\/strong><br \/>\n(davon 60 Minuten Energie\u00fcbertragung)<\/p>","protected":false},"featured_media":3585,"comment_status":"open","ping_status":"closed","template":"","meta":{"_acf_changed":false},"product_cat":[87,80,100],"product_tag":[],"class_list":{"0":"post-3547","1":"product","2":"type-product","3":"status-publish","4":"has-post-thumbnail","6":"product_cat-11-begleitung","7":"product_cat-kundalini-aktivierung","8":"product_cat-online","10":"first","11":"instock","12":"downloadable","13":"virtual","14":"taxable","15":"purchasable","16":"product-type-simple"},"acf":[],"yoast_head":"<!-- This site is optimized with the Yoast SEO plugin v26.2 - https:\/\/yoast.com\/wordpress\/plugins\/seo\/ -->\n<title>1:1 Kundalini Aktivierung \u2022 Online via Zoom - Erde und Himmel - Laura Auer<\/title>\n<meta name=\"robots\" content=\"index, follow, max-snippet:-1, max-image-preview:large, max-video-preview:-1\" \/>\n<link rel=\"canonical\" href=\"https:\/\/erde-und-himmel.com\/de\/product\/kundalini-aktivierung-online-einzelsession\/\" \/>\n<meta property=\"og:locale\" content=\"de_DE\" \/>\n<meta property=\"og:type\" content=\"article\" \/>\n<meta property=\"og:title\" content=\"1:1 Kundalini Aktivierung \u2022 Online via Zoom - Erde und Himmel - Laura Auer\" \/>\n<meta property=\"og:description\" content=\"Sp\u00fcre die Magie der Kundalini von zu Hause. Erlebe, was passiert, wenn du dich wirklich f\u00fchlst \u2013 in dir, in deinem K\u00f6rper.  Du willst tiefer gehen. Blockaden l\u00f6sen, Kontrolle loslassen \u2013 und dich an deine nat\u00fcrliche Energie erinnern? \u2728 Dann ist diese Session f\u00fcr dich.  90 Minuten 1:1 online \u00b7 via Zoom (davon 60 Minuten Energie\u00fcbertragung)\" \/>\n<meta property=\"og:url\" content=\"https:\/\/erde-und-himmel.com\/de\/product\/kundalini-aktivierung-online-einzelsession\/\" \/>\n<meta property=\"og:site_name\" content=\"Erde und Himmel - Laura Auer\" \/>\n<meta property=\"article:modified_time\" content=\"2026-02-02T10:33:31+00:00\" \/>\n<meta property=\"og:image\" content=\"https:\/\/erde-und-himmel.com\/wp-content\/uploads\/2024\/11\/ESE-ONLINE-Beitrag-4.png\" \/>\n\t<meta property=\"og:image:width\" content=\"1080\" \/>\n\t<meta property=\"og:image:height\" content=\"1080\" \/>\n\t<meta property=\"og:image:type\" content=\"image\/png\" \/>\n<meta name=\"twitter:card\" content=\"summary_large_image\" \/>\n<meta name=\"twitter:label1\" content=\"Gesch\u00e4tzte Lesezeit\" \/>\n\t<meta name=\"twitter:data1\" content=\"2 Minuten\" \/>\n<script type=\"application\/ld+json\" class=\"yoast-schema-graph\">{\"@context\":\"https:\/\/schema.org\",\"@graph\":[{\"@type\":\"WebPage\",\"@id\":\"https:\/\/erde-und-himmel.com\/produkt\/kundalini-aktivierung-online-einzelsession\/\",\"url\":\"https:\/\/erde-und-himmel.com\/produkt\/kundalini-aktivierung-online-einzelsession\/\",\"name\":\"1:1 Kundalini Aktivierung \u2022 Online via Zoom - Erde und Himmel - Laura Auer\",\"isPartOf\":{\"@id\":\"https:\/\/erde-und-himmel.com\/#website\"},\"primaryImageOfPage\":{\"@id\":\"https:\/\/erde-und-himmel.com\/produkt\/kundalini-aktivierung-online-einzelsession\/#primaryimage\"},\"image\":{\"@id\":\"https:\/\/erde-und-himmel.com\/produkt\/kundalini-aktivierung-online-einzelsession\/#primaryimage\"},\"thumbnailUrl\":\"https:\/\/erde-und-himmel.com\/wp-content\/uploads\/2024\/11\/ESE-ONLINE-Beitrag-4.png\",\"datePublished\":\"2024-11-14T23:16:35+00:00\",\"dateModified\":\"2026-02-02T10:33:31+00:00\",\"breadcrumb\":{\"@id\":\"https:\/\/erde-und-himmel.com\/produkt\/kundalini-aktivierung-online-einzelsession\/#breadcrumb\"},\"inLanguage\":\"de-AT\",\"potentialAction\":[{\"@type\":\"ReadAction\",\"target\":[\"https:\/\/erde-und-himmel.com\/produkt\/kundalini-aktivierung-online-einzelsession\/\"]}]},{\"@type\":\"ImageObject\",\"inLanguage\":\"de-AT\",\"@id\":\"https:\/\/erde-und-himmel.com\/produkt\/kundalini-aktivierung-online-einzelsession\/#primaryimage\",\"url\":\"https:\/\/erde-und-himmel.com\/wp-content\/uploads\/2024\/11\/ESE-ONLINE-Beitrag-4.png\",\"contentUrl\":\"https:\/\/erde-und-himmel.com\/wp-content\/uploads\/2024\/11\/ESE-ONLINE-Beitrag-4.png\",\"width\":1080,\"height\":1080},{\"@type\":\"BreadcrumbList\",\"@id\":\"https:\/\/erde-und-himmel.com\/produkt\/kundalini-aktivierung-online-einzelsession\/#breadcrumb\",\"itemListElement\":[{\"@type\":\"ListItem\",\"position\":1,\"name\":\"Home\",\"item\":\"https:\/\/erde-und-himmel.com\/\"},{\"@type\":\"ListItem\",\"position\":2,\"name\":\"Shop\",\"item\":\"https:\/\/erde-und-himmel.com\/shop-2\/\"},{\"@type\":\"ListItem\",\"position\":3,\"name\":\"1:1 Kundalini Aktivierung \u2022 Online via Zoom\"}]},{\"@type\":\"WebSite\",\"@id\":\"https:\/\/erde-und-himmel.com\/#website\",\"url\":\"https:\/\/erde-und-himmel.com\/\",\"name\":\"Erde und Himmel - Laura Auer\",\"description\":\"\",\"publisher\":{\"@id\":\"https:\/\/erde-und-himmel.com\/#organization\"},\"potentialAction\":[{\"@type\":\"SearchAction\",\"target\":{\"@type\":\"EntryPoint\",\"urlTemplate\":\"https:\/\/erde-und-himmel.com\/?s={search_term_string}\"},\"query-input\":{\"@type\":\"PropertyValueSpecification\",\"valueRequired\":true,\"valueName\":\"search_term_string\"}}],\"inLanguage\":\"de-AT\"},{\"@type\":\"Organization\",\"@id\":\"https:\/\/erde-und-himmel.com\/#organization\",\"name\":\"Erde und Himmel - Laura Auer\",\"url\":\"https:\/\/erde-und-himmel.com\/\",\"logo\":{\"@type\":\"ImageObject\",\"inLanguage\":\"de-AT\",\"@id\":\"https:\/\/erde-und-himmel.com\/#\/schema\/logo\/image\/\",\"url\":\"https:\/\/erde-und-himmel.com\/wp-content\/uploads\/2025\/10\/cropped-Untitled-design.png\",\"contentUrl\":\"https:\/\/erde-und-himmel.com\/wp-content\/uploads\/2025\/10\/cropped-Untitled-design.png\",\"width\":512,\"height\":512,\"caption\":\"Erde und Himmel - Laura Auer\"},\"image\":{\"@id\":\"https:\/\/erde-und-himmel.com\/#\/schema\/logo\/image\/\"},\"sameAs\":[\"https:\/\/www.instagram.com\/erde_und_himmel\/\"]}]}<\/script>\n<!-- \/ Yoast SEO plugin. -->","yoast_head_json":{"title":"1:1 Kundalini Aktivierung \u2022 Online via Zoom - Erde und Himmel - Laura Auer","robots":{"index":"index","follow":"follow","max-snippet":"max-snippet:-1","max-image-preview":"max-image-preview:large","max-video-preview":"max-video-preview:-1"},"canonical":"https:\/\/erde-und-himmel.com\/de\/product\/kundalini-aktivierung-online-einzelsession\/","og_locale":"de_DE","og_type":"article","og_title":"1:1 Kundalini Aktivierung \u2022 Online via Zoom - Erde und Himmel - Laura Auer","og_description":"Sp\u00fcre die Magie der Kundalini von zu Hause. Erlebe, was passiert, wenn du dich wirklich f\u00fchlst \u2013 in dir, in deinem K\u00f6rper.  Du willst tiefer gehen. Blockaden l\u00f6sen, Kontrolle loslassen \u2013 und dich an deine nat\u00fcrliche Energie erinnern? \u2728 Dann ist diese Session f\u00fcr dich.  90 Minuten 1:1 online \u00b7 via Zoom (davon 60 Minuten Energie\u00fcbertragung)","og_url":"https:\/\/erde-und-himmel.com\/de\/product\/kundalini-aktivierung-online-einzelsession\/","og_site_name":"Erde und Himmel - Laura Auer","article_modified_time":"2026-02-02T10:33:31+00:00","og_image":[{"width":1080,"height":1080,"url":"https:\/\/erde-und-himmel.com\/wp-content\/uploads\/2024\/11\/ESE-ONLINE-Beitrag-4.png","type":"image\/png"}],"twitter_card":"summary_large_image","twitter_misc":{"Gesch\u00e4tzte Lesezeit":"2 Minuten"},"schema":{"@context":"https:\/\/schema.org","@graph":[{"@type":"WebPage","@id":"https:\/\/erde-und-himmel.com\/produkt\/kundalini-aktivierung-online-einzelsession\/","url":"https:\/\/erde-und-himmel.com\/produkt\/kundalini-aktivierung-online-einzelsession\/","name":"1:1 Kundalini Aktivierung \u2022 Online via Zoom - Erde und Himmel - Laura Auer","isPartOf":{"@id":"https:\/\/erde-und-himmel.com\/#website"},"primaryImageOfPage":{"@id":"https:\/\/erde-und-himmel.com\/produkt\/kundalini-aktivierung-online-einzelsession\/#primaryimage"},"image":{"@id":"https:\/\/erde-und-himmel.com\/produkt\/kundalini-aktivierung-online-einzelsession\/#primaryimage"},"thumbnailUrl":"https:\/\/erde-und-himmel.com\/wp-content\/uploads\/2024\/11\/ESE-ONLINE-Beitrag-4.png","datePublished":"2024-11-14T23:16:35+00:00","dateModified":"2026-02-02T10:33:31+00:00","breadcrumb":{"@id":"https:\/\/erde-und-himmel.com\/produkt\/kundalini-aktivierung-online-einzelsession\/#breadcrumb"},"inLanguage":"de-AT","potentialAction":[{"@type":"ReadAction","target":["https:\/\/erde-und-himmel.com\/produkt\/kundalini-aktivierung-online-einzelsession\/"]}]},{"@type":"ImageObject","inLanguage":"de-AT","@id":"https:\/\/erde-und-himmel.com\/produkt\/kundalini-aktivierung-online-einzelsession\/#primaryimage","url":"https:\/\/erde-und-himmel.com\/wp-content\/uploads\/2024\/11\/ESE-ONLINE-Beitrag-4.png","contentUrl":"https:\/\/erde-und-himmel.com\/wp-content\/uploads\/2024\/11\/ESE-ONLINE-Beitrag-4.png","width":1080,"height":1080},{"@type":"BreadcrumbList","@id":"https:\/\/erde-und-himmel.com\/produkt\/kundalini-aktivierung-online-einzelsession\/#breadcrumb","itemListElement":[{"@type":"ListItem","position":1,"name":"Home","item":"https:\/\/erde-und-himmel.com\/"},{"@type":"ListItem","position":2,"name":"Shop","item":"https:\/\/erde-und-himmel.com\/shop-2\/"},{"@type":"ListItem","position":3,"name":"1:1 Kundalini Aktivierung \u2022 Online via Zoom"}]},{"@type":"WebSite","@id":"https:\/\/erde-und-himmel.com\/#website","url":"https:\/\/erde-und-himmel.com\/","name":"Erde und Himmel - Laura Auer","description":"","publisher":{"@id":"https:\/\/erde-und-himmel.com\/#organization"},"potentialAction":[{"@type":"SearchAction","target":{"@type":"EntryPoint","urlTemplate":"https:\/\/erde-und-himmel.com\/?s={search_term_string}"},"query-input":{"@type":"PropertyValueSpecification","valueRequired":true,"valueName":"search_term_string"}}],"inLanguage":"de-AT"},{"@type":"Organization","@id":"https:\/\/erde-und-himmel.com\/#organization","name":"Erde und Himmel - Laura Auer","url":"https:\/\/erde-und-himmel.com\/","logo":{"@type":"ImageObject","inLanguage":"de-AT","@id":"https:\/\/erde-und-himmel.com\/#\/schema\/logo\/image\/","url":"https:\/\/erde-und-himmel.com\/wp-content\/uploads\/2025\/10\/cropped-Untitled-design.png","contentUrl":"https:\/\/erde-und-himmel.com\/wp-content\/uploads\/2025\/10\/cropped-Untitled-design.png","width":512,"height":512,"caption":"Erde und Himmel - Laura Auer"},"image":{"@id":"https:\/\/erde-und-himmel.com\/#\/schema\/logo\/image\/"},"sameAs":["https:\/\/www.instagram.com\/erde_und_himmel\/"]}]}},"_links":{"self":[{"href":"https:\/\/erde-und-himmel.com\/de\/wp-json\/wp\/v2\/product\/3547","targetHints":{"allow":["GET"]}}],"collection":[{"href":"https:\/\/erde-und-himmel.com\/de\/wp-json\/wp\/v2\/product"}],"about":[{"href":"https:\/\/erde-und-himmel.com\/de\/wp-json\/wp\/v2\/types\/product"}],"replies":[{"embeddable":true,"href":"https:\/\/erde-und-himmel.com\/de\/wp-json\/wp\/v2\/comments?post=3547"}],"wp:featuredmedia":[{"embeddable":true,"href":"https:\/\/erde-und-himmel.com\/de\/wp-json\/wp\/v2\/media\/3585"}],"wp:attachment":[{"href":"https:\/\/erde-und-himmel.com\/de\/wp-json\/wp\/v2\/media?parent=3547"}],"wp:term":[{"taxonomy":"product_cat","embeddable":true,"href":"https:\/\/erde-und-himmel.com\/de\/wp-json\/wp\/v2\/product_cat?post=3547"},{"taxonomy":"product_tag","embeddable":true,"href":"https:\/\/erde-und-himmel.com\/de\/wp-json\/wp\/v2\/product_tag?post=3547"}],"curies":[{"name":"wp","href":"https:\/\/api.w.org\/{rel}","templated":true}]}}