{"id":3645,"date":"2024-11-19T12:54:51","date_gmt":"2024-11-19T12:54:51","guid":{"rendered":"http:\/\/erde-und-himmel.com\/?post_type=product&#038;p=3645"},"modified":"2026-02-02T10:33:30","modified_gmt":"2026-02-02T10:33:30","slug":"kundalini-is-rising","status":"publish","type":"product","link":"https:\/\/erde-und-himmel.com\/de\/product\/kundalini-is-rising\/","title":{"rendered":"Kundalini Is Rising \u2022 1:1 Online via Zoom"},"content":{"rendered":"<div class=\"elementor-element elementor-element-1c9c3d2 elementor-widget elementor-widget-text-editor\" data-id=\"1c9c3d2\" data-element_type=\"widget\" data-widget_type=\"text-editor.default\">\n<div class=\"elementor-widget-container\">\n<p><strong data-start=\"691\" data-end=\"714\">Kundalini is Rising<\/strong> ist dein Einstiegspaket, wenn du bereit bist, dich selbst tiefer zu erfahren.<br data-start=\"792\" data-end=\"795\" \/>Drei Sessions, die aufeinander aufbauen \u2013 f\u00fcr mehr Bewusstsein, Transformation und Integration.<br \/>\n<strong>&#8212;&#8212;&#8212;&#8212;<\/strong><\/p>\n<\/div>\n<\/div>\n<div class=\"elementor-element elementor-element-106a29d elementor-widget elementor-widget-text-editor\" data-id=\"106a29d\" data-element_type=\"widget\" data-widget_type=\"text-editor.default\">\n<div class=\"elementor-widget-container\">\n<p><strong>Session 1 \u2013 Energie Reading &#8211; erkenne dich \u2022 90 min.<\/strong><em><strong><br \/>\n<\/strong><\/em>Wir tauchen in dein Energiesystem ein. Ich lese deine Chakren, deine Aura und die Felder, die dich gerade pr\u00e4gen. Du erkennst dein aktuelles Kernthema und bekommst Klarheit \u00fcber das, was dich in der Tiefe bewegt. Zum Abschluss erh\u00e4ltst du ein Chakra-Clearing, das dich zur\u00fcck in deine Mitte bringt.<\/p>\n<p><strong>Session 2 \u2013 Kundalini Aktivierung &#8211; verk\u00f6rpere dich \u2022 120 min.<\/strong><em><strong><br \/>\n<\/strong><\/em>Deine Lebensenergie wird aktiviert. Ein Transformationsprozess, der dich sp\u00fcren l\u00e4sst, was Worte nicht greifen k\u00f6nnen.<br data-start=\"1310\" data-end=\"1313\" \/>Blockaden l\u00f6sen sich, Bewusstsein \u00f6ffnet sich \u2013 du kommst in die Begegnung mit dir selbst.<\/p>\n<p><strong>Session 3 \u2013 Integration Mentoring &#8211; lebe dich \u2022 60 min.<\/strong><em><strong><br \/>\n<\/strong><\/em>Wir bringen das Erlebte ins Leben. Du reflektierst, ordnest ein und erh\u00e4ltst Impulse, wie du deine Erkenntnisse im Alltag verk\u00f6rpern kannst. So wird aus einer Erfahrung eine lebendige Ver\u00e4nderung.<\/p>\n<p data-start=\"1656\" data-end=\"1687\"><strong>Kundalini is Rising ist f\u00fcr dich, wenn du\u2026<br \/>\n&#8212;&#8212;&#8212;&#8212;<br \/>\n<\/strong><strong>\u274a\u00a0 sp\u00fcrst, dass du nicht mehr im Kopf bleiben kannst<\/strong>,<br \/>\nsondern in deine wahre Energie eintauchen willst.<br \/>\n<strong>\u274a\u00a0 bereit bist, dein zentrales Thema zu erkennen<br \/>\n<\/strong>ehrlich, klar und ohne Umwege.<br \/>\n<strong>\u274a\u00a0 nicht l\u00e4nger nur \u201edar\u00fcber reden\u201c m\u00f6chtest<\/strong>,<br \/>\nsondern Transformation erleben willst.<br \/>\n<strong>\u274a\u00a0 deine Erkenntnisse nicht im Raum stehen lassen willst<\/strong>,<br \/>\nsondern sie in dein Leben bringen m\u00f6chtest.<br \/>\n<strong>\u274a dich sicher f\u00fchlst, selbstst\u00e4ndig durch Prozesse zu gehen,<br data-start=\"1125\" data-end=\"1128\" \/><\/strong>keine l\u00e4ngere Begleitung suchst und dich deiner Energie hingeben m\u00f6chtest.<\/p>\n<p><strong>Was dich erwartet &amp; worauf du dich freuen kannst<br \/>\n&#8212;&#8212;&#8212;&#8212;<br \/>\n<\/strong>\u274a <strong data-start=\"316\" data-end=\"353\">Ein klares Reading deiner Energie<\/strong><br data-start=\"353\" data-end=\"356\" \/>Du erkennst deine energetische Beschaffenheit im Jetzt \u2013 inklusive Chakren, Aura &amp; Kernthema.<br \/>\n\u274a <strong data-start=\"454\" data-end=\"494\">Tiefe Transformation durch Kundalini<\/strong><br data-start=\"494\" data-end=\"497\" \/>Aktivierung deiner Lebensenergie f\u00fcr Heilung, \u00d6ffnung und Loslassen von Blockaden.<br \/>\n\u274a <strong data-start=\"585\" data-end=\"622\">Verk\u00f6rperung statt nur Erkenntnis<\/strong><br data-start=\"622\" data-end=\"625\" \/>Du erf\u00e4hrst Energie nicht nur im Kopf, sondern mit deinem ganzen K\u00f6rper \u2013 sp\u00fcrbar, lebendig, echt.<br \/>\n\u274a <strong data-start=\"729\" data-end=\"758\">Integration in dein Leben<\/strong><br data-start=\"758\" data-end=\"761\" \/>Impulse &amp; Reflexion, f\u00fcr bleibende Erkenntnisse.<br \/>\n\u274a <strong data-start=\"870\" data-end=\"902\">R\u00fcckverbindung zu dir selbst<\/strong><br data-start=\"902\" data-end=\"905\" \/>Mehr Bewusstsein, mehr Vertrauen, mehr Hingabe \u2013 an dich und dein Leben.<\/p>\n<p><strong>Du m\u00f6chtest mehr?<br \/>\n<\/strong>Wenn du dir zwischen den Sessions zus\u00e4tzlichen Raum f\u00fcr Austausch und Unterst\u00fctzung w\u00fcnschst, kannst du eine WhatsApp-Begleitung hinzubuchen.<\/p>\n<p>\u274a <strong data-start=\"479\" data-end=\"511\">Impuls- und Reflexionsfragen<\/strong> zwischen den Terminen<br data-start=\"533\" data-end=\"536\" \/>\u274a <strong data-start=\"538\" data-end=\"570\">kurze Voice Notes &amp; Feedback<\/strong>, wenn Themen auftauchen<br data-start=\"594\" data-end=\"597\" \/>\u274a <strong data-start=\"599\" data-end=\"624\">energetische St\u00e4rkung<\/strong>, wenn du dich unsicher f\u00fchlst oder R\u00fcckhalt brauchst<br \/>\n\u2728 W\u00e4hle dazu einfach bei deiner Buchung die entsprechende Option.<br \/>\n<em>inkl. WhatsApp-Begleitung \/ ohne WhatsApp-Begleitung<\/em><\/p>\n<p><strong>Wichtig f\u00fcr deine Buchung<br \/>\n<\/strong>Ich melde mich innerhalb von 7 Tagen nach deiner Buchung pers\u00f6nlich \u00fcber WhatsApp zur Terminabsprache.<\/p>\n<p>\u2728 <strong>Kundalini is Rising<\/strong> ist keine langfristige Begleitung, sondern ein klarer, tiefer Einstieg. Ein Raum, in dem du dich selbst erkennst, deine Energie erlebst \u2013 und beginnst, sie bewusst in dein Leben zu bringen.<\/p>\n<\/div>\n<\/div>","protected":false},"excerpt":{"rendered":"<div class=\"elementor-element elementor-element-1c9c3d2 elementor-widget elementor-widget-text-editor\" data-id=\"1c9c3d2\" data-element_type=\"widget\" data-widget_type=\"text-editor.default\">\n<div class=\"elementor-widget-container\">\n<p><strong>Erkenne dich. Verk\u00f6rpere dich. Lebe dich.<br \/>\n<\/strong>Deine R\u00fcckverbindung in drei Schritten.<\/p>\n<\/div>\n<\/div>\n<div class=\"elementor-element elementor-element-106a29d elementor-widget elementor-widget-text-editor\" data-id=\"106a29d\" data-element_type=\"widget\" data-widget_type=\"text-editor.default\">\n<div class=\"elementor-widget-container\">\n<p>Du w\u00fcnschst dir Klarheit, Verbindung zu deiner Energie und einen Weg, sie in deinem Leben zu verk\u00f6rpern?<br \/>\n\u2728 Dann ist dieses Angebot f\u00fcr dich!<\/p>\n<p><strong>3 online Sessions im 1:1 \u00b7 via Zoom<\/strong><br \/>\nEnergie Reading\u00a090 min.<br \/>\nKundalini Aktivierung 120 min.<br \/>\nIntegration Mentoring 60 min.<br \/>\n(Optional: WhatsApp-Begleitung)<\/p>\n<\/div>\n<\/div>","protected":false},"featured_media":9805,"comment_status":"open","ping_status":"closed","template":"","meta":{"_acf_changed":false},"product_cat":[87,90,80,100],"product_tag":[],"class_list":{"0":"post-3645","1":"product","2":"type-product","3":"status-publish","4":"has-post-thumbnail","6":"product_cat-11-begleitung","7":"product_cat-bundlespakete","8":"product_cat-kundalini-aktivierung","9":"product_cat-online","11":"first","12":"instock","13":"taxable","14":"shipping-taxable","15":"purchasable","16":"product-type-variable","17":"has-default-attributes"},"acf":[],"yoast_head":"<!-- This site is optimized with the Yoast SEO plugin v26.2 - https:\/\/yoast.com\/wordpress\/plugins\/seo\/ -->\n<title>Kundalini Is Rising \u2022 1:1 Online via Zoom - Erde und Himmel - Laura Auer<\/title>\n<meta name=\"robots\" content=\"index, follow, max-snippet:-1, max-image-preview:large, max-video-preview:-1\" \/>\n<link rel=\"canonical\" href=\"https:\/\/erde-und-himmel.com\/de\/product\/kundalini-is-rising\/\" \/>\n<meta property=\"og:locale\" content=\"de_DE\" \/>\n<meta property=\"og:type\" content=\"article\" \/>\n<meta property=\"og:title\" content=\"Kundalini Is Rising \u2022 1:1 Online via Zoom - Erde und Himmel - Laura Auer\" \/>\n<meta property=\"og:description\" content=\"Erkenne dich. Verk\u00f6rpere dich. Lebe dich. Deine R\u00fcckverbindung in drei Schritten.       Du w\u00fcnschst dir Klarheit, Verbindung zu deiner Energie und einen Weg, sie in deinem Leben zu verk\u00f6rpern? \u2728 Dann ist dieses Angebot f\u00fcr dich!  3 online Sessions im 1:1 \u00b7 via Zoom Energie Reading\u00a090 min. Kundalini Aktivierung 120 min. Integration Mentoring 60 min. (Optional: WhatsApp-Begleitung)\" \/>\n<meta property=\"og:url\" content=\"https:\/\/erde-und-himmel.com\/de\/product\/kundalini-is-rising\/\" \/>\n<meta property=\"og:site_name\" content=\"Erde und Himmel - Laura Auer\" \/>\n<meta property=\"article:modified_time\" content=\"2026-02-02T10:33:30+00:00\" \/>\n<meta property=\"og:image\" content=\"https:\/\/erde-und-himmel.com\/wp-content\/uploads\/2024\/11\/IMG_5153-min-1080x1080-min.jpg\" \/>\n\t<meta property=\"og:image:width\" content=\"1080\" \/>\n\t<meta property=\"og:image:height\" content=\"1080\" \/>\n\t<meta property=\"og:image:type\" content=\"image\/jpeg\" \/>\n<meta name=\"twitter:card\" content=\"summary_large_image\" \/>\n<meta name=\"twitter:label1\" content=\"Gesch\u00e4tzte Lesezeit\" \/>\n\t<meta name=\"twitter:data1\" content=\"3 Minuten\" \/>\n<script type=\"application\/ld+json\" class=\"yoast-schema-graph\">{\"@context\":\"https:\/\/schema.org\",\"@graph\":[{\"@type\":\"WebPage\",\"@id\":\"https:\/\/erde-und-himmel.com\/produkt\/kundalini-is-rising\/\",\"url\":\"https:\/\/erde-und-himmel.com\/produkt\/kundalini-is-rising\/\",\"name\":\"Kundalini Is Rising \u2022 1:1 Online via Zoom - Erde und Himmel - Laura Auer\",\"isPartOf\":{\"@id\":\"https:\/\/erde-und-himmel.com\/#website\"},\"primaryImageOfPage\":{\"@id\":\"https:\/\/erde-und-himmel.com\/produkt\/kundalini-is-rising\/#primaryimage\"},\"image\":{\"@id\":\"https:\/\/erde-und-himmel.com\/produkt\/kundalini-is-rising\/#primaryimage\"},\"thumbnailUrl\":\"https:\/\/erde-und-himmel.com\/wp-content\/uploads\/2024\/11\/IMG_5153-min-1080x1080-min.jpg\",\"datePublished\":\"2024-11-19T12:54:51+00:00\",\"dateModified\":\"2026-02-02T10:33:30+00:00\",\"breadcrumb\":{\"@id\":\"https:\/\/erde-und-himmel.com\/produkt\/kundalini-is-rising\/#breadcrumb\"},\"inLanguage\":\"de-AT\",\"potentialAction\":[{\"@type\":\"ReadAction\",\"target\":[\"https:\/\/erde-und-himmel.com\/produkt\/kundalini-is-rising\/\"]}]},{\"@type\":\"ImageObject\",\"inLanguage\":\"de-AT\",\"@id\":\"https:\/\/erde-und-himmel.com\/produkt\/kundalini-is-rising\/#primaryimage\",\"url\":\"https:\/\/erde-und-himmel.com\/wp-content\/uploads\/2024\/11\/IMG_5153-min-1080x1080-min.jpg\",\"contentUrl\":\"https:\/\/erde-und-himmel.com\/wp-content\/uploads\/2024\/11\/IMG_5153-min-1080x1080-min.jpg\",\"width\":1080,\"height\":1080},{\"@type\":\"BreadcrumbList\",\"@id\":\"https:\/\/erde-und-himmel.com\/produkt\/kundalini-is-rising\/#breadcrumb\",\"itemListElement\":[{\"@type\":\"ListItem\",\"position\":1,\"name\":\"Home\",\"item\":\"https:\/\/erde-und-himmel.com\/\"},{\"@type\":\"ListItem\",\"position\":2,\"name\":\"Shop\",\"item\":\"https:\/\/erde-und-himmel.com\/shop-2\/\"},{\"@type\":\"ListItem\",\"position\":3,\"name\":\"Kundalini Is Rising \u2022 1:1 Online via Zoom\"}]},{\"@type\":\"WebSite\",\"@id\":\"https:\/\/erde-und-himmel.com\/#website\",\"url\":\"https:\/\/erde-und-himmel.com\/\",\"name\":\"Erde und Himmel - Laura Auer\",\"description\":\"\",\"publisher\":{\"@id\":\"https:\/\/erde-und-himmel.com\/#organization\"},\"potentialAction\":[{\"@type\":\"SearchAction\",\"target\":{\"@type\":\"EntryPoint\",\"urlTemplate\":\"https:\/\/erde-und-himmel.com\/?s={search_term_string}\"},\"query-input\":{\"@type\":\"PropertyValueSpecification\",\"valueRequired\":true,\"valueName\":\"search_term_string\"}}],\"inLanguage\":\"de-AT\"},{\"@type\":\"Organization\",\"@id\":\"https:\/\/erde-und-himmel.com\/#organization\",\"name\":\"Erde und Himmel - Laura Auer\",\"url\":\"https:\/\/erde-und-himmel.com\/\",\"logo\":{\"@type\":\"ImageObject\",\"inLanguage\":\"de-AT\",\"@id\":\"https:\/\/erde-und-himmel.com\/#\/schema\/logo\/image\/\",\"url\":\"https:\/\/erde-und-himmel.com\/wp-content\/uploads\/2025\/10\/cropped-Untitled-design.png\",\"contentUrl\":\"https:\/\/erde-und-himmel.com\/wp-content\/uploads\/2025\/10\/cropped-Untitled-design.png\",\"width\":512,\"height\":512,\"caption\":\"Erde und Himmel - Laura Auer\"},\"image\":{\"@id\":\"https:\/\/erde-und-himmel.com\/#\/schema\/logo\/image\/\"},\"sameAs\":[\"https:\/\/www.instagram.com\/erde_und_himmel\/\"]}]}<\/script>\n<!-- \/ Yoast SEO plugin. -->","yoast_head_json":{"title":"Kundalini Is Rising \u2022 1:1 Online via Zoom - Erde und Himmel - Laura Auer","robots":{"index":"index","follow":"follow","max-snippet":"max-snippet:-1","max-image-preview":"max-image-preview:large","max-video-preview":"max-video-preview:-1"},"canonical":"https:\/\/erde-und-himmel.com\/de\/product\/kundalini-is-rising\/","og_locale":"de_DE","og_type":"article","og_title":"Kundalini Is Rising \u2022 1:1 Online via Zoom - Erde und Himmel - Laura Auer","og_description":"Erkenne dich. Verk\u00f6rpere dich. Lebe dich. Deine R\u00fcckverbindung in drei Schritten.       Du w\u00fcnschst dir Klarheit, Verbindung zu deiner Energie und einen Weg, sie in deinem Leben zu verk\u00f6rpern? \u2728 Dann ist dieses Angebot f\u00fcr dich!  3 online Sessions im 1:1 \u00b7 via Zoom Energie Reading\u00a090 min. Kundalini Aktivierung 120 min. Integration Mentoring 60 min. (Optional: WhatsApp-Begleitung)","og_url":"https:\/\/erde-und-himmel.com\/de\/product\/kundalini-is-rising\/","og_site_name":"Erde und Himmel - Laura Auer","article_modified_time":"2026-02-02T10:33:30+00:00","og_image":[{"width":1080,"height":1080,"url":"https:\/\/erde-und-himmel.com\/wp-content\/uploads\/2024\/11\/IMG_5153-min-1080x1080-min.jpg","type":"image\/jpeg"}],"twitter_card":"summary_large_image","twitter_misc":{"Gesch\u00e4tzte Lesezeit":"3 Minuten"},"schema":{"@context":"https:\/\/schema.org","@graph":[{"@type":"WebPage","@id":"https:\/\/erde-und-himmel.com\/produkt\/kundalini-is-rising\/","url":"https:\/\/erde-und-himmel.com\/produkt\/kundalini-is-rising\/","name":"Kundalini Is Rising \u2022 1:1 Online via Zoom - Erde und Himmel - Laura Auer","isPartOf":{"@id":"https:\/\/erde-und-himmel.com\/#website"},"primaryImageOfPage":{"@id":"https:\/\/erde-und-himmel.com\/produkt\/kundalini-is-rising\/#primaryimage"},"image":{"@id":"https:\/\/erde-und-himmel.com\/produkt\/kundalini-is-rising\/#primaryimage"},"thumbnailUrl":"https:\/\/erde-und-himmel.com\/wp-content\/uploads\/2024\/11\/IMG_5153-min-1080x1080-min.jpg","datePublished":"2024-11-19T12:54:51+00:00","dateModified":"2026-02-02T10:33:30+00:00","breadcrumb":{"@id":"https:\/\/erde-und-himmel.com\/produkt\/kundalini-is-rising\/#breadcrumb"},"inLanguage":"de-AT","potentialAction":[{"@type":"ReadAction","target":["https:\/\/erde-und-himmel.com\/produkt\/kundalini-is-rising\/"]}]},{"@type":"ImageObject","inLanguage":"de-AT","@id":"https:\/\/erde-und-himmel.com\/produkt\/kundalini-is-rising\/#primaryimage","url":"https:\/\/erde-und-himmel.com\/wp-content\/uploads\/2024\/11\/IMG_5153-min-1080x1080-min.jpg","contentUrl":"https:\/\/erde-und-himmel.com\/wp-content\/uploads\/2024\/11\/IMG_5153-min-1080x1080-min.jpg","width":1080,"height":1080},{"@type":"BreadcrumbList","@id":"https:\/\/erde-und-himmel.com\/produkt\/kundalini-is-rising\/#breadcrumb","itemListElement":[{"@type":"ListItem","position":1,"name":"Home","item":"https:\/\/erde-und-himmel.com\/"},{"@type":"ListItem","position":2,"name":"Shop","item":"https:\/\/erde-und-himmel.com\/shop-2\/"},{"@type":"ListItem","position":3,"name":"Kundalini Is Rising \u2022 1:1 Online via Zoom"}]},{"@type":"WebSite","@id":"https:\/\/erde-und-himmel.com\/#website","url":"https:\/\/erde-und-himmel.com\/","name":"Erde und Himmel - Laura Auer","description":"","publisher":{"@id":"https:\/\/erde-und-himmel.com\/#organization"},"potentialAction":[{"@type":"SearchAction","target":{"@type":"EntryPoint","urlTemplate":"https:\/\/erde-und-himmel.com\/?s={search_term_string}"},"query-input":{"@type":"PropertyValueSpecification","valueRequired":true,"valueName":"search_term_string"}}],"inLanguage":"de-AT"},{"@type":"Organization","@id":"https:\/\/erde-und-himmel.com\/#organization","name":"Erde und Himmel - Laura Auer","url":"https:\/\/erde-und-himmel.com\/","logo":{"@type":"ImageObject","inLanguage":"de-AT","@id":"https:\/\/erde-und-himmel.com\/#\/schema\/logo\/image\/","url":"https:\/\/erde-und-himmel.com\/wp-content\/uploads\/2025\/10\/cropped-Untitled-design.png","contentUrl":"https:\/\/erde-und-himmel.com\/wp-content\/uploads\/2025\/10\/cropped-Untitled-design.png","width":512,"height":512,"caption":"Erde und Himmel - Laura Auer"},"image":{"@id":"https:\/\/erde-und-himmel.com\/#\/schema\/logo\/image\/"},"sameAs":["https:\/\/www.instagram.com\/erde_und_himmel\/"]}]}},"_links":{"self":[{"href":"https:\/\/erde-und-himmel.com\/de\/wp-json\/wp\/v2\/product\/3645","targetHints":{"allow":["GET"]}}],"collection":[{"href":"https:\/\/erde-und-himmel.com\/de\/wp-json\/wp\/v2\/product"}],"about":[{"href":"https:\/\/erde-und-himmel.com\/de\/wp-json\/wp\/v2\/types\/product"}],"replies":[{"embeddable":true,"href":"https:\/\/erde-und-himmel.com\/de\/wp-json\/wp\/v2\/comments?post=3645"}],"wp:featuredmedia":[{"embeddable":true,"href":"https:\/\/erde-und-himmel.com\/de\/wp-json\/wp\/v2\/media\/9805"}],"wp:attachment":[{"href":"https:\/\/erde-und-himmel.com\/de\/wp-json\/wp\/v2\/media?parent=3645"}],"wp:term":[{"taxonomy":"product_cat","embeddable":true,"href":"https:\/\/erde-und-himmel.com\/de\/wp-json\/wp\/v2\/product_cat?post=3645"},{"taxonomy":"product_tag","embeddable":true,"href":"https:\/\/erde-und-himmel.com\/de\/wp-json\/wp\/v2\/product_tag?post=3645"}],"curies":[{"name":"wp","href":"https:\/\/api.w.org\/{rel}","templated":true}]}}