{"id":5288,"date":"2025-02-11T07:20:20","date_gmt":"2025-02-11T07:20:20","guid":{"rendered":"http:\/\/erde-und-himmel.com\/?post_type=product&#038;p=5288"},"modified":"2026-02-02T10:33:29","modified_gmt":"2026-02-02T10:33:29","slug":"kundalini-aktivierung-einzelsession-vor-ort","status":"publish","type":"product","link":"https:\/\/erde-und-himmel.com\/de\/product\/kundalini-aktivierung-einzelsession-vor-ort\/","title":{"rendered":"1:1 Kundalini Aktivierung \u2022 vor Ort in D\u00fcsseldorf"},"content":{"rendered":"<div class=\"elementor-element elementor-element-f8daea9 elementor-widget__width-initial elementor-widget elementor-widget-text-editor\" data-id=\"f8daea9\" data-element_type=\"widget\" data-widget_type=\"text-editor.default\">\n<div class=\"elementor-widget-container\">\n<div class=\"elementor-element elementor-element-5e70857 elementor-widget elementor-widget-text-editor\" data-id=\"5e70857\" data-element_type=\"widget\" data-widget_type=\"text-editor.default\">\n<div class=\"elementor-widget-container\">Du funktionierst \u2013 aber f\u00fchlst dich oft leer, angespannt oder abgeschnitten?<\/div>\n<\/div>\n<div class=\"elementor-element elementor-element-7a1c7b3 elementor-widget elementor-widget-text-editor\" data-id=\"7a1c7b3\" data-element_type=\"widget\" data-widget_type=\"text-editor.default\">\n<div class=\"elementor-widget-container\">\n<p>Vom K\u00f6rper. Vom Leben. Von deiner Energie &amp; Intuition?<br \/>\n<span style=\"color: #000000;\"><strong>Dann ist es Zeit, etwas zu ver\u00e4ndern.<br \/>\n<\/strong><\/span><br \/>\nDie Aktivierung deiner Kundalini ist kein Tunm\u00fcssen, sondern ein Geschehenlassen.<br \/>\nEin Prozess des Loslassens \u2013 raus aus der Kontrolle, hinein in deine Hingabe und innere Freiheit.<\/p>\n<p><strong>Diese Session ist f\u00fcr dich, wenn du\u2026<br \/>\n<\/strong>&#8212;&#8212;&#8212;&#8212;<strong><br \/>\n\u274a<\/strong>\u00a0 \u00a0mehr Verbindung zu K\u00f6rper, Essenz und Lebenskraft sp\u00fcren willst<br \/>\n<strong>\u274a\u00a0<\/strong> \u00a0innere Blockaden, Muster und Spannungen loslassen m\u00f6chtest<br \/>\n<strong>\u274a<\/strong>\u00a0 \u00a0emotionale Klarheit, innere Ruhe und Nervensystem-Regulation suchst<br \/>\n<strong>\u274a<\/strong>\u00a0 \u00a0weniger denken \u2013 und mehr f\u00fchlen, vertrauen, leben willst<br \/>\n<strong>\u274a<\/strong>\u00a0 \u00a0Energiearbeit nicht nur verstehen, sondern wirklich sp\u00fcren m\u00f6chtest<\/p>\n<p><strong>Was dich erwartet &amp; worauf du dich freuen kannst<br \/>\n<\/strong>&#8212;&#8212;&#8212;&#8212;<strong><br \/>\n<\/strong><strong>\u274a\u00a0 \u00a0Einstimmung &amp; Vorgespr\u00e4ch<\/strong><br \/>\nAnkommen mit Einf\u00fchrung in die Kundalini-Energie &amp; Raum f\u00fcr deine individuellen Themen.<br \/>\n<strong>\u274a\u00a0 \u00a060 Minuten Energie\u00fcbertragung<\/strong><br \/>\nMit vollem Fokus nur auf dich.<br \/>\n<strong>\u274a\u00a0 \u00a0Ein sicherer Raum, in dem du dich zeigen darfst<\/strong><br \/>\nBewegung, Emotion, Stille, Lachen, Weinen, innere Bilder.<br \/>\n<strong>\u274a\u00a0 \u00a0Tiefe R\u00fcckverbindung mit deiner Essenz<\/strong><br \/>\nFrei von Dogmen oder Konzepten.<br \/>\n<strong>\u274a\u00a0 \u00a0Integration &amp; Austausch<\/strong><br \/>\nNachsp\u00fcren und Reflexion \u00a0\u2013 mit wertvollen Impulsen f\u00fcr deinen weiteren Weg.<\/p>\n<p><strong>Wichtig f\u00fcr deine Buchung<\/strong><br \/>\nF\u00fcr die Terminabsprache melde ich mich innerhalb von 7 Tagen nach deiner Buchung pers\u00f6nlich \u00fcber WhatsApp bei dir.<\/p>\n<p><strong>Bist du bereit, dich in deiner Tiefe &amp; Essenz zu sp\u00fcren?<\/strong><br \/>\n<strong>\u2728<\/strong> Dann ist diese Session f\u00fcr dich.<\/p>\n<\/div>\n<\/div>\n<\/div>\n<\/div>","protected":false},"excerpt":{"rendered":"<p>Erlebe, was passiert, wenn du dich wirklich sp\u00fcrst \u2013 in dir, in deinem K\u00f6rper.<\/p>\n<p>Du willst tiefer gehen. Blockaden l\u00f6sen, Kontrolle loslassen \u2013 und dich an deine nat\u00fcrliche Energie erinnern? <strong>\u2728<\/strong>\u00a0Dann ist diese Session f\u00fcr dich.<\/p>\n<p><strong>120 Minuten 1:1 vor Ort \u00b7 in D\u00fcsseldorf<\/strong><br \/>\n(davon 60 Minuten Energie\u00fcbertragung)<\/p>","protected":false},"featured_media":1498,"comment_status":"open","ping_status":"closed","template":"","meta":{"_acf_changed":false},"product_cat":[87,80,99],"product_tag":[],"class_list":{"0":"post-5288","1":"product","2":"type-product","3":"status-publish","4":"has-post-thumbnail","6":"product_cat-11-begleitung","7":"product_cat-kundalini-aktivierung","8":"product_cat-vor-ort","10":"first","11":"instock","12":"downloadable","13":"taxable","14":"shipping-taxable","15":"purchasable","16":"product-type-simple"},"acf":[],"yoast_head":"<!-- This site is optimized with the Yoast SEO plugin v26.2 - https:\/\/yoast.com\/wordpress\/plugins\/seo\/ -->\n<title>1:1 Kundalini Aktivierung \u2022 vor Ort in D\u00fcsseldorf - Erde und Himmel - Laura Auer<\/title>\n<meta name=\"robots\" content=\"index, follow, max-snippet:-1, max-image-preview:large, max-video-preview:-1\" \/>\n<link rel=\"canonical\" href=\"https:\/\/erde-und-himmel.com\/de\/product\/kundalini-aktivierung-einzelsession-vor-ort\/\" \/>\n<meta property=\"og:locale\" content=\"de_DE\" \/>\n<meta property=\"og:type\" content=\"article\" \/>\n<meta property=\"og:title\" content=\"1:1 Kundalini Aktivierung \u2022 vor Ort in D\u00fcsseldorf - Erde und Himmel - Laura Auer\" \/>\n<meta property=\"og:description\" content=\"Erlebe, was passiert, wenn du dich wirklich sp\u00fcrst \u2013 in dir, in deinem K\u00f6rper.  Du willst tiefer gehen. Blockaden l\u00f6sen, Kontrolle loslassen \u2013 und dich an deine nat\u00fcrliche Energie erinnern? \u2728\u00a0Dann ist diese Session f\u00fcr dich.  120 Minuten 1:1 vor Ort \u00b7 in D\u00fcsseldorf (davon 60 Minuten Energie\u00fcbertragung)\" \/>\n<meta property=\"og:url\" content=\"https:\/\/erde-und-himmel.com\/de\/product\/kundalini-aktivierung-einzelsession-vor-ort\/\" \/>\n<meta property=\"og:site_name\" content=\"Erde und Himmel - Laura Auer\" \/>\n<meta property=\"article:modified_time\" content=\"2026-02-02T10:33:29+00:00\" \/>\n<meta property=\"og:image\" content=\"https:\/\/erde-und-himmel.com\/wp-content\/uploads\/2024\/07\/IMG_4873-min.jpeg\" \/>\n\t<meta property=\"og:image:width\" content=\"3762\" \/>\n\t<meta property=\"og:image:height\" content=\"5643\" \/>\n\t<meta property=\"og:image:type\" content=\"image\/jpeg\" \/>\n<meta name=\"twitter:card\" content=\"summary_large_image\" \/>\n<meta name=\"twitter:label1\" content=\"Gesch\u00e4tzte Lesezeit\" \/>\n\t<meta name=\"twitter:data1\" content=\"2 Minuten\" \/>\n<script type=\"application\/ld+json\" class=\"yoast-schema-graph\">{\"@context\":\"https:\/\/schema.org\",\"@graph\":[{\"@type\":\"WebPage\",\"@id\":\"https:\/\/erde-und-himmel.com\/produkt\/kundalini-aktivierung-einzelsession-vor-ort\/\",\"url\":\"https:\/\/erde-und-himmel.com\/produkt\/kundalini-aktivierung-einzelsession-vor-ort\/\",\"name\":\"1:1 Kundalini Aktivierung \u2022 vor Ort in D\u00fcsseldorf - Erde und Himmel - Laura Auer\",\"isPartOf\":{\"@id\":\"https:\/\/erde-und-himmel.com\/#website\"},\"primaryImageOfPage\":{\"@id\":\"https:\/\/erde-und-himmel.com\/produkt\/kundalini-aktivierung-einzelsession-vor-ort\/#primaryimage\"},\"image\":{\"@id\":\"https:\/\/erde-und-himmel.com\/produkt\/kundalini-aktivierung-einzelsession-vor-ort\/#primaryimage\"},\"thumbnailUrl\":\"https:\/\/erde-und-himmel.com\/wp-content\/uploads\/2024\/07\/IMG_4873-min.jpeg\",\"datePublished\":\"2025-02-11T07:20:20+00:00\",\"dateModified\":\"2026-02-02T10:33:29+00:00\",\"breadcrumb\":{\"@id\":\"https:\/\/erde-und-himmel.com\/produkt\/kundalini-aktivierung-einzelsession-vor-ort\/#breadcrumb\"},\"inLanguage\":\"de-AT\",\"potentialAction\":[{\"@type\":\"ReadAction\",\"target\":[\"https:\/\/erde-und-himmel.com\/produkt\/kundalini-aktivierung-einzelsession-vor-ort\/\"]}]},{\"@type\":\"ImageObject\",\"inLanguage\":\"de-AT\",\"@id\":\"https:\/\/erde-und-himmel.com\/produkt\/kundalini-aktivierung-einzelsession-vor-ort\/#primaryimage\",\"url\":\"https:\/\/erde-und-himmel.com\/wp-content\/uploads\/2024\/07\/IMG_4873-min.jpeg\",\"contentUrl\":\"https:\/\/erde-und-himmel.com\/wp-content\/uploads\/2024\/07\/IMG_4873-min.jpeg\",\"width\":3762,\"height\":5643},{\"@type\":\"BreadcrumbList\",\"@id\":\"https:\/\/erde-und-himmel.com\/produkt\/kundalini-aktivierung-einzelsession-vor-ort\/#breadcrumb\",\"itemListElement\":[{\"@type\":\"ListItem\",\"position\":1,\"name\":\"Home\",\"item\":\"https:\/\/erde-und-himmel.com\/\"},{\"@type\":\"ListItem\",\"position\":2,\"name\":\"Shop\",\"item\":\"https:\/\/erde-und-himmel.com\/shop-2\/\"},{\"@type\":\"ListItem\",\"position\":3,\"name\":\"1:1 Kundalini Aktivierung \u2022 vor Ort in D\u00fcsseldorf\"}]},{\"@type\":\"WebSite\",\"@id\":\"https:\/\/erde-und-himmel.com\/#website\",\"url\":\"https:\/\/erde-und-himmel.com\/\",\"name\":\"Erde und Himmel - Laura Auer\",\"description\":\"\",\"publisher\":{\"@id\":\"https:\/\/erde-und-himmel.com\/#organization\"},\"potentialAction\":[{\"@type\":\"SearchAction\",\"target\":{\"@type\":\"EntryPoint\",\"urlTemplate\":\"https:\/\/erde-und-himmel.com\/?s={search_term_string}\"},\"query-input\":{\"@type\":\"PropertyValueSpecification\",\"valueRequired\":true,\"valueName\":\"search_term_string\"}}],\"inLanguage\":\"de-AT\"},{\"@type\":\"Organization\",\"@id\":\"https:\/\/erde-und-himmel.com\/#organization\",\"name\":\"Erde und Himmel - Laura Auer\",\"url\":\"https:\/\/erde-und-himmel.com\/\",\"logo\":{\"@type\":\"ImageObject\",\"inLanguage\":\"de-AT\",\"@id\":\"https:\/\/erde-und-himmel.com\/#\/schema\/logo\/image\/\",\"url\":\"https:\/\/erde-und-himmel.com\/wp-content\/uploads\/2025\/10\/cropped-Untitled-design.png\",\"contentUrl\":\"https:\/\/erde-und-himmel.com\/wp-content\/uploads\/2025\/10\/cropped-Untitled-design.png\",\"width\":512,\"height\":512,\"caption\":\"Erde und Himmel - Laura Auer\"},\"image\":{\"@id\":\"https:\/\/erde-und-himmel.com\/#\/schema\/logo\/image\/\"},\"sameAs\":[\"https:\/\/www.instagram.com\/erde_und_himmel\/\"]}]}<\/script>\n<!-- \/ Yoast SEO plugin. -->","yoast_head_json":{"title":"1:1 Kundalini Aktivierung \u2022 vor Ort in D\u00fcsseldorf - Erde und Himmel - Laura Auer","robots":{"index":"index","follow":"follow","max-snippet":"max-snippet:-1","max-image-preview":"max-image-preview:large","max-video-preview":"max-video-preview:-1"},"canonical":"https:\/\/erde-und-himmel.com\/de\/product\/kundalini-aktivierung-einzelsession-vor-ort\/","og_locale":"de_DE","og_type":"article","og_title":"1:1 Kundalini Aktivierung \u2022 vor Ort in D\u00fcsseldorf - Erde und Himmel - Laura Auer","og_description":"Erlebe, was passiert, wenn du dich wirklich sp\u00fcrst \u2013 in dir, in deinem K\u00f6rper.  Du willst tiefer gehen. Blockaden l\u00f6sen, Kontrolle loslassen \u2013 und dich an deine nat\u00fcrliche Energie erinnern? \u2728\u00a0Dann ist diese Session f\u00fcr dich.  120 Minuten 1:1 vor Ort \u00b7 in D\u00fcsseldorf (davon 60 Minuten Energie\u00fcbertragung)","og_url":"https:\/\/erde-und-himmel.com\/de\/product\/kundalini-aktivierung-einzelsession-vor-ort\/","og_site_name":"Erde und Himmel - Laura Auer","article_modified_time":"2026-02-02T10:33:29+00:00","og_image":[{"width":3762,"height":5643,"url":"https:\/\/erde-und-himmel.com\/wp-content\/uploads\/2024\/07\/IMG_4873-min.jpeg","type":"image\/jpeg"}],"twitter_card":"summary_large_image","twitter_misc":{"Gesch\u00e4tzte Lesezeit":"2 Minuten"},"schema":{"@context":"https:\/\/schema.org","@graph":[{"@type":"WebPage","@id":"https:\/\/erde-und-himmel.com\/produkt\/kundalini-aktivierung-einzelsession-vor-ort\/","url":"https:\/\/erde-und-himmel.com\/produkt\/kundalini-aktivierung-einzelsession-vor-ort\/","name":"1:1 Kundalini Aktivierung \u2022 vor Ort in D\u00fcsseldorf - Erde und Himmel - Laura Auer","isPartOf":{"@id":"https:\/\/erde-und-himmel.com\/#website"},"primaryImageOfPage":{"@id":"https:\/\/erde-und-himmel.com\/produkt\/kundalini-aktivierung-einzelsession-vor-ort\/#primaryimage"},"image":{"@id":"https:\/\/erde-und-himmel.com\/produkt\/kundalini-aktivierung-einzelsession-vor-ort\/#primaryimage"},"thumbnailUrl":"https:\/\/erde-und-himmel.com\/wp-content\/uploads\/2024\/07\/IMG_4873-min.jpeg","datePublished":"2025-02-11T07:20:20+00:00","dateModified":"2026-02-02T10:33:29+00:00","breadcrumb":{"@id":"https:\/\/erde-und-himmel.com\/produkt\/kundalini-aktivierung-einzelsession-vor-ort\/#breadcrumb"},"inLanguage":"de-AT","potentialAction":[{"@type":"ReadAction","target":["https:\/\/erde-und-himmel.com\/produkt\/kundalini-aktivierung-einzelsession-vor-ort\/"]}]},{"@type":"ImageObject","inLanguage":"de-AT","@id":"https:\/\/erde-und-himmel.com\/produkt\/kundalini-aktivierung-einzelsession-vor-ort\/#primaryimage","url":"https:\/\/erde-und-himmel.com\/wp-content\/uploads\/2024\/07\/IMG_4873-min.jpeg","contentUrl":"https:\/\/erde-und-himmel.com\/wp-content\/uploads\/2024\/07\/IMG_4873-min.jpeg","width":3762,"height":5643},{"@type":"BreadcrumbList","@id":"https:\/\/erde-und-himmel.com\/produkt\/kundalini-aktivierung-einzelsession-vor-ort\/#breadcrumb","itemListElement":[{"@type":"ListItem","position":1,"name":"Home","item":"https:\/\/erde-und-himmel.com\/"},{"@type":"ListItem","position":2,"name":"Shop","item":"https:\/\/erde-und-himmel.com\/shop-2\/"},{"@type":"ListItem","position":3,"name":"1:1 Kundalini Aktivierung \u2022 vor Ort in D\u00fcsseldorf"}]},{"@type":"WebSite","@id":"https:\/\/erde-und-himmel.com\/#website","url":"https:\/\/erde-und-himmel.com\/","name":"Erde und Himmel - Laura Auer","description":"","publisher":{"@id":"https:\/\/erde-und-himmel.com\/#organization"},"potentialAction":[{"@type":"SearchAction","target":{"@type":"EntryPoint","urlTemplate":"https:\/\/erde-und-himmel.com\/?s={search_term_string}"},"query-input":{"@type":"PropertyValueSpecification","valueRequired":true,"valueName":"search_term_string"}}],"inLanguage":"de-AT"},{"@type":"Organization","@id":"https:\/\/erde-und-himmel.com\/#organization","name":"Erde und Himmel - Laura Auer","url":"https:\/\/erde-und-himmel.com\/","logo":{"@type":"ImageObject","inLanguage":"de-AT","@id":"https:\/\/erde-und-himmel.com\/#\/schema\/logo\/image\/","url":"https:\/\/erde-und-himmel.com\/wp-content\/uploads\/2025\/10\/cropped-Untitled-design.png","contentUrl":"https:\/\/erde-und-himmel.com\/wp-content\/uploads\/2025\/10\/cropped-Untitled-design.png","width":512,"height":512,"caption":"Erde und Himmel - Laura Auer"},"image":{"@id":"https:\/\/erde-und-himmel.com\/#\/schema\/logo\/image\/"},"sameAs":["https:\/\/www.instagram.com\/erde_und_himmel\/"]}]}},"_links":{"self":[{"href":"https:\/\/erde-und-himmel.com\/de\/wp-json\/wp\/v2\/product\/5288","targetHints":{"allow":["GET"]}}],"collection":[{"href":"https:\/\/erde-und-himmel.com\/de\/wp-json\/wp\/v2\/product"}],"about":[{"href":"https:\/\/erde-und-himmel.com\/de\/wp-json\/wp\/v2\/types\/product"}],"replies":[{"embeddable":true,"href":"https:\/\/erde-und-himmel.com\/de\/wp-json\/wp\/v2\/comments?post=5288"}],"wp:featuredmedia":[{"embeddable":true,"href":"https:\/\/erde-und-himmel.com\/de\/wp-json\/wp\/v2\/media\/1498"}],"wp:attachment":[{"href":"https:\/\/erde-und-himmel.com\/de\/wp-json\/wp\/v2\/media?parent=5288"}],"wp:term":[{"taxonomy":"product_cat","embeddable":true,"href":"https:\/\/erde-und-himmel.com\/de\/wp-json\/wp\/v2\/product_cat?post=5288"},{"taxonomy":"product_tag","embeddable":true,"href":"https:\/\/erde-und-himmel.com\/de\/wp-json\/wp\/v2\/product_tag?post=5288"}],"curies":[{"name":"wp","href":"https:\/\/api.w.org\/{rel}","templated":true}]}}