{"id":5290,"date":"2025-02-11T07:51:25","date_gmt":"2025-02-11T07:51:25","guid":{"rendered":"http:\/\/erde-und-himmel.com\/?post_type=product&#038;p=5290"},"modified":"2026-02-02T10:33:29","modified_gmt":"2026-02-02T10:33:29","slug":"kundalini-aktivierung-paarsession-vor-ort","status":"publish","type":"product","link":"https:\/\/erde-und-himmel.com\/de\/product\/kundalini-aktivierung-paarsession-vor-ort\/","title":{"rendered":"Paarsession+ Kundalini Aktivierung \u2022 vor Ort in D\u00fcsseldorf (2\u20134 Personen)"},"content":{"rendered":"<p>Wenn wir nicht nur uns selbst, sondern auch einander auf einer tieferen Ebene begegnen, entsteht etwas ganz Besonderes.<\/p>\n<p>Ihr sp\u00fcrt, wie die Energie euch tr\u00e4gt, wie ihr euch gegenseitig inspiriert, st\u00e4rkt und unterst\u00fctzt.<br \/>\nEin Raum, in dem N\u00e4he, Vertrauen und Verbindung auf eine tiefe Weise erlebbar werden \u2013 jenseits von Mustern, Rollen und Alltag.<br \/>\n<span style=\"font-family: Segoe UI, Segoe UI Web (West European), apple-system, BlinkMacSystemFont, Roboto, Helvetica Neue, sans-serif;\"><span style=\"font-size: medium;\"><strong><br \/>\n<\/strong><\/span><\/span><strong>Diese Session ist f\u00fcr euch, wenn ihr\u2026<\/strong><span style=\"font-family: Segoe UI, Segoe UI Web (West European), apple-system, BlinkMacSystemFont, Roboto, Helvetica Neue, sans-serif;\"><span style=\"font-size: medium;\"><strong><br \/>\n<\/strong><\/span><\/span>&#8212;&#8212;&#8212;&#8212;<span style=\"font-family: Segoe UI, Segoe UI Web (West European), apple-system, BlinkMacSystemFont, Roboto, Helvetica Neue, sans-serif;\"><span style=\"font-size: medium;\"><br \/>\n<\/span><\/span><strong>\u274a\u00a0<\/strong> \u00a0eure Verbindung vertiefen und neue Dimensionen eurer Beziehung erfahren m\u00f6chtet<br \/>\n<strong>\u274a\u00a0 \u00a0<\/strong>einen gemeinsamen Raum f\u00fcr Heilung, Entfaltung und Begegnung sucht<br \/>\n<strong>\u274a\u00a0 \u00a0<\/strong>bereit seid, euch aufeinander einzulassen und gleichzeitig jeder f\u00fcr sich in die Tiefe zu gehen<br \/>\n<strong>\u274a\u00a0 \u00a0<\/strong>Energiearbeit gemeinsam erleben und sp\u00fcren wollt \u2013 auch online<br \/>\n<strong>\u274a\u00a0 \u00a0<\/strong>ein besonderes und bewusstes Erlebnis zu zweit, zu dritt oder zu viert sucht<\/p>\n<p><strong>Was euch erwartet &amp; worauf ihr euch freuen k\u00f6nnt<br \/>\n<\/strong>&#8212;&#8212;&#8212;&#8212;<strong><br \/>\n\u274a\u00a0 \u00a0Einstimmung &amp; Vorgespr\u00e4ch<\/strong><br \/>\nAnkommen mit Einf\u00fchrung in die Kundalini-Energie &amp; Raum f\u00fcr eure individuellen Themen.<br \/>\n<strong>\u274a\u00a0 \u00a060 Minuten Energie\u00fcbertragung<br \/>\n<\/strong>Gemeinsames eintauchen in Hingabe, K\u00f6rper und Energie.<span style=\"font-family: Segoe UI, Segoe UI Web (West European), apple-system, BlinkMacSystemFont, Roboto, Helvetica Neue, sans-serif;\"><span style=\"font-size: medium;\"><br \/>\n<\/span><\/span><strong>\u274a\u00a0 \u00a0Ein sicherer Raum, in dem sich alles zeigen darfst<\/strong><br \/>\nBewegung, Emotion, Stille, Lachen, Weinen, innere Bilder.<br \/>\n<strong>\u274a\u00a0 \u00a0Tiefe R\u00fcckverbindung eurer Essenz<\/strong><br \/>\nMiteinander und doch jeder f\u00fcr sich: Frei von Dogmen oder Konzepten.<br \/>\n<strong>\u274a\u00a0 \u00a0Integration &amp; Austausch<br \/>\n<\/strong>Nachsp\u00fcren, Reflexion und gegenseitiges Teilen eurer Erfahrung \u2013 mit wertvollen Impulsen f\u00fcr den weiteren Weg.<\/p>\n<p><span style=\"color: #000000;\"><strong>Es ist Zeit f\u00fcr Ver\u00e4nderung<\/strong><\/span><br \/>\nDie Aktivierung deiner Kundalini ist kein Tunm\u00fcssen, sondern ein Geschehenlassen.<br \/>\nEin Prozess des Loslassens \u2013 raus aus der Kontrolle, hinein in Hingabe und innere Freiheit.<\/p>\n<p><strong>Wichtig f\u00fcr eure Buchung<\/strong><span style=\"font-family: Segoe UI, Segoe UI Web (West European), apple-system, BlinkMacSystemFont, Roboto, Helvetica Neue, sans-serif;\"><span style=\"font-size: medium;\"><br \/>\n<\/span><\/span>Ich melde mich innerhalb von 7 Tagen nach eurer Buchung pers\u00f6nlich \u00fcber WhatsApp zur Terminabsprache.<\/p>\n<p><strong>Seid ihr bereit, euch auf einer neuen Ebene zu begegnen \u2013 voller Vertrauen, Pr\u00e4senz und Hingabe?<\/strong><br \/>\n\u2728 Dann ist diese Session f\u00fcr euch.<\/p>","protected":false},"excerpt":{"rendered":"<p>Erlebt, was m\u00f6glich ist, wenn ihr euch wirklich begegnet \u2013 jenseits von Rollen, Mustern und Alltag.<\/p>\n<p><strong>Ob als Paar, mit Freunden oder Familie.<\/strong><br \/>\nIhr wollt euch echt &amp; nah begegnen. Loslassen, gemeinsam tiefer gehen und mit einander wachsen?<br \/>\n<strong>\u2728<\/strong> Dann ist diese Session f\u00fcr euch.<\/p>\n<p><strong>160<\/strong> <strong>Minuten 1:1 vor Ort \u00b7 in D\u00fcsseldorf<br \/>\n<\/strong>(davon 60 Minuten Energie\u00fcbertragung)<br \/>\n<strong>F\u00fcr 2 bis 4 Personen<\/strong><\/p>","protected":false},"featured_media":5292,"comment_status":"open","ping_status":"closed","template":"","meta":{"_acf_changed":false},"product_cat":[80,99],"product_tag":[],"class_list":{"0":"post-5290","1":"product","2":"type-product","3":"status-publish","4":"has-post-thumbnail","6":"product_cat-kundalini-aktivierung","7":"product_cat-vor-ort","9":"first","10":"instock","11":"taxable","12":"shipping-taxable","13":"purchasable","14":"product-type-variable"},"acf":[],"yoast_head":"<!-- This site is optimized with the Yoast SEO plugin v26.2 - https:\/\/yoast.com\/wordpress\/plugins\/seo\/ -->\n<title>Paarsession+ Kundalini Aktivierung \u2022 vor Ort in D\u00fcsseldorf (2\u20134 Personen) - Erde und Himmel - Laura Auer<\/title>\n<meta name=\"robots\" content=\"index, follow, max-snippet:-1, max-image-preview:large, max-video-preview:-1\" \/>\n<link rel=\"canonical\" href=\"https:\/\/erde-und-himmel.com\/de\/product\/kundalini-aktivierung-paarsession-vor-ort\/\" \/>\n<meta property=\"og:locale\" content=\"de_DE\" \/>\n<meta property=\"og:type\" content=\"article\" \/>\n<meta property=\"og:title\" content=\"Paarsession+ Kundalini Aktivierung \u2022 vor Ort in D\u00fcsseldorf (2\u20134 Personen) - Erde und Himmel - Laura Auer\" \/>\n<meta property=\"og:description\" content=\"Erlebt, was m\u00f6glich ist, wenn ihr euch wirklich begegnet \u2013 jenseits von Rollen, Mustern und Alltag.  Ob als Paar, mit Freunden oder Familie. Ihr wollt euch echt &amp; nah begegnen. Loslassen, gemeinsam tiefer gehen und mit einander wachsen? \u2728 Dann ist diese Session f\u00fcr euch.  160 Minuten 1:1 vor Ort \u00b7 in D\u00fcsseldorf (davon 60 Minuten Energie\u00fcbertragung) F\u00fcr 2 bis 4 Personen\" \/>\n<meta property=\"og:url\" content=\"https:\/\/erde-und-himmel.com\/de\/product\/kundalini-aktivierung-paarsession-vor-ort\/\" \/>\n<meta property=\"og:site_name\" content=\"Erde und Himmel - Laura Auer\" \/>\n<meta property=\"article:modified_time\" content=\"2026-02-02T10:33:29+00:00\" \/>\n<meta property=\"og:image\" content=\"https:\/\/erde-und-himmel.com\/wp-content\/uploads\/2025\/02\/Design-ohne-Titel-2-724x1024.png\" \/>\n\t<meta property=\"og:image:width\" content=\"724\" \/>\n\t<meta property=\"og:image:height\" content=\"1024\" \/>\n\t<meta property=\"og:image:type\" content=\"image\/png\" \/>\n<meta name=\"twitter:card\" content=\"summary_large_image\" \/>\n<meta name=\"twitter:label1\" content=\"Gesch\u00e4tzte Lesezeit\" \/>\n\t<meta name=\"twitter:data1\" content=\"2 Minuten\" \/>\n<script type=\"application\/ld+json\" class=\"yoast-schema-graph\">{\"@context\":\"https:\/\/schema.org\",\"@graph\":[{\"@type\":\"WebPage\",\"@id\":\"https:\/\/erde-und-himmel.com\/produkt\/kundalini-aktivierung-paarsession-vor-ort\/\",\"url\":\"https:\/\/erde-und-himmel.com\/produkt\/kundalini-aktivierung-paarsession-vor-ort\/\",\"name\":\"Paarsession+ Kundalini Aktivierung \u2022 vor Ort in D\u00fcsseldorf (2\u20134 Personen) - Erde und Himmel - Laura Auer\",\"isPartOf\":{\"@id\":\"https:\/\/erde-und-himmel.com\/#website\"},\"primaryImageOfPage\":{\"@id\":\"https:\/\/erde-und-himmel.com\/produkt\/kundalini-aktivierung-paarsession-vor-ort\/#primaryimage\"},\"image\":{\"@id\":\"https:\/\/erde-und-himmel.com\/produkt\/kundalini-aktivierung-paarsession-vor-ort\/#primaryimage\"},\"thumbnailUrl\":\"https:\/\/erde-und-himmel.com\/wp-content\/uploads\/2025\/02\/Design-ohne-Titel-2.png\",\"datePublished\":\"2025-02-11T07:51:25+00:00\",\"dateModified\":\"2026-02-02T10:33:29+00:00\",\"breadcrumb\":{\"@id\":\"https:\/\/erde-und-himmel.com\/produkt\/kundalini-aktivierung-paarsession-vor-ort\/#breadcrumb\"},\"inLanguage\":\"de-AT\",\"potentialAction\":[{\"@type\":\"ReadAction\",\"target\":[\"https:\/\/erde-und-himmel.com\/produkt\/kundalini-aktivierung-paarsession-vor-ort\/\"]}]},{\"@type\":\"ImageObject\",\"inLanguage\":\"de-AT\",\"@id\":\"https:\/\/erde-und-himmel.com\/produkt\/kundalini-aktivierung-paarsession-vor-ort\/#primaryimage\",\"url\":\"https:\/\/erde-und-himmel.com\/wp-content\/uploads\/2025\/02\/Design-ohne-Titel-2.png\",\"contentUrl\":\"https:\/\/erde-und-himmel.com\/wp-content\/uploads\/2025\/02\/Design-ohne-Titel-2.png\",\"width\":1414,\"height\":2000},{\"@type\":\"BreadcrumbList\",\"@id\":\"https:\/\/erde-und-himmel.com\/produkt\/kundalini-aktivierung-paarsession-vor-ort\/#breadcrumb\",\"itemListElement\":[{\"@type\":\"ListItem\",\"position\":1,\"name\":\"Home\",\"item\":\"https:\/\/erde-und-himmel.com\/\"},{\"@type\":\"ListItem\",\"position\":2,\"name\":\"Shop\",\"item\":\"https:\/\/erde-und-himmel.com\/shop-2\/\"},{\"@type\":\"ListItem\",\"position\":3,\"name\":\"Paarsession+ Kundalini Aktivierung \u2022 vor Ort in D\u00fcsseldorf (2\u20134 Personen)\"}]},{\"@type\":\"WebSite\",\"@id\":\"https:\/\/erde-und-himmel.com\/#website\",\"url\":\"https:\/\/erde-und-himmel.com\/\",\"name\":\"Erde und Himmel - Laura Auer\",\"description\":\"\",\"publisher\":{\"@id\":\"https:\/\/erde-und-himmel.com\/#organization\"},\"potentialAction\":[{\"@type\":\"SearchAction\",\"target\":{\"@type\":\"EntryPoint\",\"urlTemplate\":\"https:\/\/erde-und-himmel.com\/?s={search_term_string}\"},\"query-input\":{\"@type\":\"PropertyValueSpecification\",\"valueRequired\":true,\"valueName\":\"search_term_string\"}}],\"inLanguage\":\"de-AT\"},{\"@type\":\"Organization\",\"@id\":\"https:\/\/erde-und-himmel.com\/#organization\",\"name\":\"Erde und Himmel - Laura Auer\",\"url\":\"https:\/\/erde-und-himmel.com\/\",\"logo\":{\"@type\":\"ImageObject\",\"inLanguage\":\"de-AT\",\"@id\":\"https:\/\/erde-und-himmel.com\/#\/schema\/logo\/image\/\",\"url\":\"https:\/\/erde-und-himmel.com\/wp-content\/uploads\/2025\/10\/cropped-Untitled-design.png\",\"contentUrl\":\"https:\/\/erde-und-himmel.com\/wp-content\/uploads\/2025\/10\/cropped-Untitled-design.png\",\"width\":512,\"height\":512,\"caption\":\"Erde und Himmel - Laura Auer\"},\"image\":{\"@id\":\"https:\/\/erde-und-himmel.com\/#\/schema\/logo\/image\/\"},\"sameAs\":[\"https:\/\/www.instagram.com\/erde_und_himmel\/\"]}]}<\/script>\n<!-- \/ Yoast SEO plugin. -->","yoast_head_json":{"title":"Paarsession+ Kundalini Aktivierung \u2022 vor Ort in D\u00fcsseldorf (2\u20134 Personen) - Erde und Himmel - Laura Auer","robots":{"index":"index","follow":"follow","max-snippet":"max-snippet:-1","max-image-preview":"max-image-preview:large","max-video-preview":"max-video-preview:-1"},"canonical":"https:\/\/erde-und-himmel.com\/de\/product\/kundalini-aktivierung-paarsession-vor-ort\/","og_locale":"de_DE","og_type":"article","og_title":"Paarsession+ Kundalini Aktivierung \u2022 vor Ort in D\u00fcsseldorf (2\u20134 Personen) - Erde und Himmel - Laura Auer","og_description":"Erlebt, was m\u00f6glich ist, wenn ihr euch wirklich begegnet \u2013 jenseits von Rollen, Mustern und Alltag.  Ob als Paar, mit Freunden oder Familie. Ihr wollt euch echt &amp; nah begegnen. Loslassen, gemeinsam tiefer gehen und mit einander wachsen? \u2728 Dann ist diese Session f\u00fcr euch.  160 Minuten 1:1 vor Ort \u00b7 in D\u00fcsseldorf (davon 60 Minuten Energie\u00fcbertragung) F\u00fcr 2 bis 4 Personen","og_url":"https:\/\/erde-und-himmel.com\/de\/product\/kundalini-aktivierung-paarsession-vor-ort\/","og_site_name":"Erde und Himmel - Laura Auer","article_modified_time":"2026-02-02T10:33:29+00:00","og_image":[{"width":724,"height":1024,"url":"https:\/\/erde-und-himmel.com\/wp-content\/uploads\/2025\/02\/Design-ohne-Titel-2-724x1024.png","type":"image\/png"}],"twitter_card":"summary_large_image","twitter_misc":{"Gesch\u00e4tzte Lesezeit":"2 Minuten"},"schema":{"@context":"https:\/\/schema.org","@graph":[{"@type":"WebPage","@id":"https:\/\/erde-und-himmel.com\/produkt\/kundalini-aktivierung-paarsession-vor-ort\/","url":"https:\/\/erde-und-himmel.com\/produkt\/kundalini-aktivierung-paarsession-vor-ort\/","name":"Paarsession+ Kundalini Aktivierung \u2022 vor Ort in D\u00fcsseldorf (2\u20134 Personen) - Erde und Himmel - Laura Auer","isPartOf":{"@id":"https:\/\/erde-und-himmel.com\/#website"},"primaryImageOfPage":{"@id":"https:\/\/erde-und-himmel.com\/produkt\/kundalini-aktivierung-paarsession-vor-ort\/#primaryimage"},"image":{"@id":"https:\/\/erde-und-himmel.com\/produkt\/kundalini-aktivierung-paarsession-vor-ort\/#primaryimage"},"thumbnailUrl":"https:\/\/erde-und-himmel.com\/wp-content\/uploads\/2025\/02\/Design-ohne-Titel-2.png","datePublished":"2025-02-11T07:51:25+00:00","dateModified":"2026-02-02T10:33:29+00:00","breadcrumb":{"@id":"https:\/\/erde-und-himmel.com\/produkt\/kundalini-aktivierung-paarsession-vor-ort\/#breadcrumb"},"inLanguage":"de-AT","potentialAction":[{"@type":"ReadAction","target":["https:\/\/erde-und-himmel.com\/produkt\/kundalini-aktivierung-paarsession-vor-ort\/"]}]},{"@type":"ImageObject","inLanguage":"de-AT","@id":"https:\/\/erde-und-himmel.com\/produkt\/kundalini-aktivierung-paarsession-vor-ort\/#primaryimage","url":"https:\/\/erde-und-himmel.com\/wp-content\/uploads\/2025\/02\/Design-ohne-Titel-2.png","contentUrl":"https:\/\/erde-und-himmel.com\/wp-content\/uploads\/2025\/02\/Design-ohne-Titel-2.png","width":1414,"height":2000},{"@type":"BreadcrumbList","@id":"https:\/\/erde-und-himmel.com\/produkt\/kundalini-aktivierung-paarsession-vor-ort\/#breadcrumb","itemListElement":[{"@type":"ListItem","position":1,"name":"Home","item":"https:\/\/erde-und-himmel.com\/"},{"@type":"ListItem","position":2,"name":"Shop","item":"https:\/\/erde-und-himmel.com\/shop-2\/"},{"@type":"ListItem","position":3,"name":"Paarsession+ Kundalini Aktivierung \u2022 vor Ort in D\u00fcsseldorf (2\u20134 Personen)"}]},{"@type":"WebSite","@id":"https:\/\/erde-und-himmel.com\/#website","url":"https:\/\/erde-und-himmel.com\/","name":"Erde und Himmel - Laura Auer","description":"","publisher":{"@id":"https:\/\/erde-und-himmel.com\/#organization"},"potentialAction":[{"@type":"SearchAction","target":{"@type":"EntryPoint","urlTemplate":"https:\/\/erde-und-himmel.com\/?s={search_term_string}"},"query-input":{"@type":"PropertyValueSpecification","valueRequired":true,"valueName":"search_term_string"}}],"inLanguage":"de-AT"},{"@type":"Organization","@id":"https:\/\/erde-und-himmel.com\/#organization","name":"Erde und Himmel - Laura Auer","url":"https:\/\/erde-und-himmel.com\/","logo":{"@type":"ImageObject","inLanguage":"de-AT","@id":"https:\/\/erde-und-himmel.com\/#\/schema\/logo\/image\/","url":"https:\/\/erde-und-himmel.com\/wp-content\/uploads\/2025\/10\/cropped-Untitled-design.png","contentUrl":"https:\/\/erde-und-himmel.com\/wp-content\/uploads\/2025\/10\/cropped-Untitled-design.png","width":512,"height":512,"caption":"Erde und Himmel - Laura Auer"},"image":{"@id":"https:\/\/erde-und-himmel.com\/#\/schema\/logo\/image\/"},"sameAs":["https:\/\/www.instagram.com\/erde_und_himmel\/"]}]}},"_links":{"self":[{"href":"https:\/\/erde-und-himmel.com\/de\/wp-json\/wp\/v2\/product\/5290","targetHints":{"allow":["GET"]}}],"collection":[{"href":"https:\/\/erde-und-himmel.com\/de\/wp-json\/wp\/v2\/product"}],"about":[{"href":"https:\/\/erde-und-himmel.com\/de\/wp-json\/wp\/v2\/types\/product"}],"replies":[{"embeddable":true,"href":"https:\/\/erde-und-himmel.com\/de\/wp-json\/wp\/v2\/comments?post=5290"}],"wp:featuredmedia":[{"embeddable":true,"href":"https:\/\/erde-und-himmel.com\/de\/wp-json\/wp\/v2\/media\/5292"}],"wp:attachment":[{"href":"https:\/\/erde-und-himmel.com\/de\/wp-json\/wp\/v2\/media?parent=5290"}],"wp:term":[{"taxonomy":"product_cat","embeddable":true,"href":"https:\/\/erde-und-himmel.com\/de\/wp-json\/wp\/v2\/product_cat?post=5290"},{"taxonomy":"product_tag","embeddable":true,"href":"https:\/\/erde-und-himmel.com\/de\/wp-json\/wp\/v2\/product_tag?post=5290"}],"curies":[{"name":"wp","href":"https:\/\/api.w.org\/{rel}","templated":true}]}}